{"id":660,"date":"2019-06-19T13:17:58","date_gmt":"2019-06-19T13:17:58","guid":{"rendered":"https:\/\/lindy.com\/it\/?page_id=660"},"modified":"2019-06-19T13:17:59","modified_gmt":"2019-06-19T13:17:59","slug":"specialist-human-resources","status":"publish","type":"page","link":"https:\/\/lindy.com\/it\/specialist-human-resources\/","title":{"rendered":"SPECIALIST HUMAN RESOURCES"},"content":{"rendered":"\n<section class=\"wp-block-lindy-image-text-module section section--full-width-image full-width-image--with-text theme--dark section--animation-none align--left  font--size-large\" style=\"background-image:url()\"><img decoding=\"async\" class=\"full-width-image__image\" src=\"\"\/><div class=\"contained\"><div class=\"full-width-image__content\"><h2 class=\"section__heading\"><span>SPECIALIST HUMAN RESOURCES <br\/>SCHWERPUNKT PERSONALENTWICKLUNG  <br\/>(M\/W)<\/span><\/h2><h2 class=\"section__subheading section__subheading__title\">Mannheim, Deutschland<\/h2><\/div><\/div><\/section>\n\n\n\n<section class=\"wp-block-lindy-paragraph-one-col section section--horizontal-content section--horizontal-content--one-column font--size-small theme--dark align--left font--camber section--animation-none\"><div class=\"contained\"><h2 class=\"section__heading\"><span>Vollzeit-\/ Teilzeitstelle<\/span><\/h2><h2 class=\"section__subheading section__subheading__title\"><br\/><\/h2><p class=\"section__paragraph\">Der professionelle aber enge Kontakt mit Mitarbeitern liegt Dir im Blut. Bei kurzfristigen Anforderungen verlierst Du nicht Deinen Humor und auch mit der Neupriorisierung Deiner Aufgaben gehst Du routiniert und gelassen um. Mit Deiner ausgepr\u00e4gten Service- und Teamorientierung unterst\u00fctzt Du unsere Kollegen dabei jeden Tag ihr Bestes zu geben.<\/p><\/div><\/section>\n\n\n\n<section class=\"wp-block-lindy-key-info section section--key-info theme--light section--animation-none\"><div class=\"contained\"><div class=\"grid-2_sm-1-center\"><div class=\"col left_item\"><div class=\"box\"><h3 class=\"section__heading\">DEIN AUFGABENPROFIL<\/h3><div class=\"section__content\"><p class=\"section__content\"><\/p><\/div><\/div><\/div><div class=\"col right_item\"><div class=\"box\"><h3 class=\"section__heading\"><\/h3><div class=\"section__content\"><p class=\"section__content\">Unterst\u00fctzung im Projekt:<br\/>Du unterst\u00fctzt den Head of Human Resources bei organisatorischen und operativen Aufgaben und bist verantwortlich f\u00fcr die selbstst\u00e4ndige Bearbeitung von Projekten im Bereich Personalentwicklung.<br\/><br\/>Innovationskraft mitbringen &amp; Weiterentwicklung gestalten:<br\/>Du bist am Puls der Zeit bei den Trends der Personalentwicklung und bringst diese sowie Deine eigenen Ideen bei der Entwicklung und Implementierung neuer Konzepte mit ein. <br\/><br\/>Office Management:<br\/>Neben der Organisation und Koordination der gesamten internen und externen Qualifikation, verantwortest Du gemeinsam mit Deiner Kollegin die gesamte HR-Administration vom Eintritt bis zum Austritt einschlie\u00dflich der Reiseorganisation u.v.m.<br\/><br\/>Betreuung &amp; Beratung:<br\/>Du stehst Deinen Kollegen intern, sowie den Trainern und Coaches extern als kompetenter Ansprechpartner f\u00fcr alle HR-relevanten Fragen zur Seite. <br\/><br\/>Ganzheitlich denken &amp; handeln:<br\/>Du besitzt die F\u00e4higkeit des Voraus- und Mitdenkens ohne die Detailtreue, Qualit\u00e4t und Wirtschaftlichkeit zu verlieren. <\/p><\/div><\/div><\/div><\/div><\/div><\/section>\n\n\n\n<section class=\"wp-block-lindy-key-info section section--key-info theme--light section--animation-none\"><div class=\"contained\"><div class=\"grid-2_sm-1-center\"><div class=\"col left_item\"><div class=\"box\"><h3 class=\"section__heading\">DAS ERWARTET DICH BEI LINDY<\/h3><div class=\"section__content\"><p class=\"section__content\"><\/p><\/div><\/div><\/div><div class=\"col right_item\"><div class=\"box\"><h3 class=\"section__heading\"><\/h3><div class=\"section__content\"><p class=\"section__content\"> \u2022  Eine langfristige, vielseitige und anspruchsvolle Aufgabe in einem dynamischen, globalen &amp; familiengef\u00fchrten Unternehmen<br\/> \u2022  Flache Hierarchien<br\/> \u2022  Kollegialer Umgang in famili\u00e4rem Umfeld mit einem guten Betriebsklima<br\/> \u2022  Selbstst\u00e4ndiges Arbeiten mit gro\u00dfem Gestaltungsfreiraum<\/p><\/div><\/div><\/div><\/div><\/div><\/section>\n\n\n\n<section class=\"wp-block-lindy-key-info section section--key-info theme--light section--animation-none\"><div class=\"contained\"><div class=\"grid-2_sm-1-center\"><div class=\"col left_item\"><div class=\"box\"><h3 class=\"section__heading\">DEIN QUALIFIKATIONSPROFIL<\/h3><div class=\"section__content\"><p class=\"section__content\"><\/p><\/div><\/div><\/div><div class=\"col right_item\"><div class=\"box\"><h3 class=\"section__heading\"><\/h3><div class=\"section__content\"><p class=\"section__content\">Pers\u00f6nlichkeit:<br\/>Du bist ein Menschenfreund und denkst die Herausforderungen in unserem Bereich neu! Du brennst daf\u00fcr, Kollegen auf dem Weg ihrer Weiterentwicklung \u2013 fachlich wie pers\u00f6nlich \u2013 professionell zu begleiten.<br\/><br\/>Arbeitsweise:<br\/>Du denkst analytisch und organisationsorientiert. Deine konzeptionelle St\u00e4rke sowie eine hohe Eigenverantwortlichkeit zeichnen Dich aus.<br\/><br\/>Erfahrung:<br\/>Du verf\u00fcgst \u00fcber mindestens 2 Jahre relevante Berufserfahrung im Bereich Personal und konntest Dein Know-How bei der Konzeption und Mitwirkung von PE-Ma\u00dfnahmen bereits einsetzen.<br\/><br\/>Ausbildung:<br\/>Du hast erfolgreich eine kaufm\u00e4nnische Ausbildung und eine Weiterbildung im Personalwesen (z.B. Personalfachkauffrau\/-mann) abgeschlossen. Alternativ verf\u00fcgst Du \u00fcber ein betriebswirtschaftliches Studium mit Schwerpunkt Personal. <br\/><br\/>Sprache:<br\/>Du bringst eine ausgepr\u00e4gte Kommunikationskompetenz mit. Dein Ausdrucksverm\u00f6gen in Deutsch und Englisch ist verhandlungssicher in Wort und Schrift<\/p><\/div><\/div><\/div><\/div><\/div><\/section>\n\n\n\n<section class=\"wp-block-lindy-image-text-module section section--full-width-image full-width-image--with-text theme--dark section--animation-none align--center font--camber font--size-medium\" style=\"background-image:url()\"><img decoding=\"async\" class=\"full-width-image__image\" src=\"\"\/><div class=\"contained\"><div class=\"full-width-image__content\"><h2 class=\"section__heading\"><span>BIST DU BEREIT MITZUGESTALTEN?<\/span><\/h2><p class=\"section__paragraph\"><br\/>Lindy erreicht die n\u00e4chste spannende Phase des Wachstums.<br\/><br\/> Werde Teil des Teams und bringe Deine F\u00e4higkeiten und Erfahrung ein!<br\/><br\/> Wir freuen uns \u00fcber Deine vollst\u00e4ndige Bewerbung unter Angabe des fr\u00fchestm\u00f6glichen Eintrittstermins und Deiner Gehaltsvorstellung per Mail.<br\/><\/p><a href=\"mailto:jobs@lindy.de\" class=\"button button--white-transparent\" target=\"_self\" rel=\"noopener noreferrer\">Jetzt bewerben<\/a><\/div><\/div><\/section>\n","protected":false},"excerpt":{"rendered":"","protected":false},"author":11,"featured_media":0,"parent":0,"menu_order":0,"comment_status":"closed","ping_status":"closed","template":"page-templates\/template-landing.php","meta":{"_acf_changed":false,"footnotes":""},"class_list":["post-660","page","type-page","status-publish","hentry"],"acf":[],"yoast_head":"<!-- This site is optimized with the Yoast SEO plugin v26.6 - https:\/\/yoast.com\/wordpress\/plugins\/seo\/ -->\n<title>SPECIALIST HUMAN RESOURCES - Lindy - Italian<\/title>\n<meta name=\"robots\" content=\"index, follow, max-snippet:-1, max-image-preview:large, max-video-preview:-1\" \/>\n<link rel=\"canonical\" href=\"https:\/\/lindy.com\/it\/specialist-human-resources\/\" \/>\n<meta property=\"og:locale\" content=\"it_IT\" \/>\n<meta property=\"og:type\" content=\"article\" \/>\n<meta property=\"og:title\" content=\"SPECIALIST HUMAN RESOURCES - Lindy - Italian\" \/>\n<meta property=\"og:url\" content=\"https:\/\/lindy.com\/it\/specialist-human-resources\/\" \/>\n<meta property=\"og:site_name\" content=\"Lindy - Italian\" \/>\n<meta property=\"article:modified_time\" content=\"2019-06-19T13:17:59+00:00\" \/>\n<meta name=\"twitter:card\" content=\"summary_large_image\" \/>\n<meta name=\"twitter:label1\" content=\"Tempo di lettura stimato\" \/>\n\t<meta name=\"twitter:data1\" content=\"2 minuti\" \/>\n<script type=\"application\/ld+json\" class=\"yoast-schema-graph\">{\"@context\":\"https:\/\/schema.org\",\"@graph\":[{\"@type\":\"WebPage\",\"@id\":\"https:\/\/lindy.com\/it\/specialist-human-resources\/\",\"url\":\"https:\/\/lindy.com\/it\/specialist-human-resources\/\",\"name\":\"SPECIALIST HUMAN RESOURCES - Lindy - Italian\",\"isPartOf\":{\"@id\":\"https:\/\/lindy.com\/it\/#website\"},\"datePublished\":\"2019-06-19T13:17:58+00:00\",\"dateModified\":\"2019-06-19T13:17:59+00:00\",\"breadcrumb\":{\"@id\":\"https:\/\/lindy.com\/it\/specialist-human-resources\/#breadcrumb\"},\"inLanguage\":\"it-IT\",\"potentialAction\":[{\"@type\":\"ReadAction\",\"target\":[\"https:\/\/lindy.com\/it\/specialist-human-resources\/\"]}]},{\"@type\":\"BreadcrumbList\",\"@id\":\"https:\/\/lindy.com\/it\/specialist-human-resources\/#breadcrumb\",\"itemListElement\":[{\"@type\":\"ListItem\",\"position\":1,\"name\":\"Home\",\"item\":\"https:\/\/lindy.com\/it\/\"},{\"@type\":\"ListItem\",\"position\":2,\"name\":\"SPECIALIST HUMAN RESOURCES\"}]},{\"@type\":\"WebSite\",\"@id\":\"https:\/\/lindy.com\/it\/#website\",\"url\":\"https:\/\/lindy.com\/it\/\",\"name\":\"Lindy - Italian\",\"description\":\"Connection Perfection\",\"potentialAction\":[{\"@type\":\"SearchAction\",\"target\":{\"@type\":\"EntryPoint\",\"urlTemplate\":\"https:\/\/lindy.com\/it\/?s={search_term_string}\"},\"query-input\":{\"@type\":\"PropertyValueSpecification\",\"valueRequired\":true,\"valueName\":\"search_term_string\"}}],\"inLanguage\":\"it-IT\"}]}<\/script>\n<!-- \/ Yoast SEO plugin. -->","yoast_head_json":{"title":"SPECIALIST HUMAN RESOURCES - Lindy - Italian","robots":{"index":"index","follow":"follow","max-snippet":"max-snippet:-1","max-image-preview":"max-image-preview:large","max-video-preview":"max-video-preview:-1"},"canonical":"https:\/\/lindy.com\/it\/specialist-human-resources\/","og_locale":"it_IT","og_type":"article","og_title":"SPECIALIST HUMAN RESOURCES - Lindy - Italian","og_url":"https:\/\/lindy.com\/it\/specialist-human-resources\/","og_site_name":"Lindy - Italian","article_modified_time":"2019-06-19T13:17:59+00:00","twitter_card":"summary_large_image","twitter_misc":{"Tempo di lettura stimato":"2 minuti"},"schema":{"@context":"https:\/\/schema.org","@graph":[{"@type":"WebPage","@id":"https:\/\/lindy.com\/it\/specialist-human-resources\/","url":"https:\/\/lindy.com\/it\/specialist-human-resources\/","name":"SPECIALIST HUMAN RESOURCES - Lindy - Italian","isPartOf":{"@id":"https:\/\/lindy.com\/it\/#website"},"datePublished":"2019-06-19T13:17:58+00:00","dateModified":"2019-06-19T13:17:59+00:00","breadcrumb":{"@id":"https:\/\/lindy.com\/it\/specialist-human-resources\/#breadcrumb"},"inLanguage":"it-IT","potentialAction":[{"@type":"ReadAction","target":["https:\/\/lindy.com\/it\/specialist-human-resources\/"]}]},{"@type":"BreadcrumbList","@id":"https:\/\/lindy.com\/it\/specialist-human-resources\/#breadcrumb","itemListElement":[{"@type":"ListItem","position":1,"name":"Home","item":"https:\/\/lindy.com\/it\/"},{"@type":"ListItem","position":2,"name":"SPECIALIST HUMAN RESOURCES"}]},{"@type":"WebSite","@id":"https:\/\/lindy.com\/it\/#website","url":"https:\/\/lindy.com\/it\/","name":"Lindy - Italian","description":"Connection Perfection","potentialAction":[{"@type":"SearchAction","target":{"@type":"EntryPoint","urlTemplate":"https:\/\/lindy.com\/it\/?s={search_term_string}"},"query-input":{"@type":"PropertyValueSpecification","valueRequired":true,"valueName":"search_term_string"}}],"inLanguage":"it-IT"}]}},"_links":{"self":[{"href":"https:\/\/lindy.com\/it\/wp-json\/wp\/v2\/pages\/660","targetHints":{"allow":["GET"]}}],"collection":[{"href":"https:\/\/lindy.com\/it\/wp-json\/wp\/v2\/pages"}],"about":[{"href":"https:\/\/lindy.com\/it\/wp-json\/wp\/v2\/types\/page"}],"author":[{"embeddable":true,"href":"https:\/\/lindy.com\/it\/wp-json\/wp\/v2\/users\/11"}],"replies":[{"embeddable":true,"href":"https:\/\/lindy.com\/it\/wp-json\/wp\/v2\/comments?post=660"}],"version-history":[{"count":0,"href":"https:\/\/lindy.com\/it\/wp-json\/wp\/v2\/pages\/660\/revisions"}],"wp:attachment":[{"href":"https:\/\/lindy.com\/it\/wp-json\/wp\/v2\/media?parent=660"}],"curies":[{"name":"wp","href":"https:\/\/api.w.org\/{rel}","templated":true}]}}