{"id":73,"date":"2018-12-03T14:31:47","date_gmt":"2018-12-03T14:31:47","guid":{"rendered":"https:\/\/lindy.com\/it\/?page_id=73"},"modified":"2019-05-15T15:42:34","modified_gmt":"2019-05-15T15:42:34","slug":"privacy","status":"publish","type":"page","link":"https:\/\/lindy.com\/it\/privacy\/","title":{"rendered":"Privacy"},"content":{"rendered":"\n<p><strong>Informativa sulla protezione dei dati personali<\/strong><\/p>\n\n\n\n<p><strong>A.&nbsp; &nbsp;&nbsp;Responsabilit\u00e0 del trattamento dei dati<\/strong><\/p>\n\n\n\n<p>Responsabile per il trattamento dei dati personali per quanto riguarda questo sito web secondo il Regolamento Europeo sulla protezione dei dati personali n. 679\/2016, noto anche come GDPR (General Data Protection Regulation) \u00e8:<\/p>\n\n\n\n<p>LINDY Italia s.r.l.<br>\nVia G. De Dionigi, 3<br>\n21057 Olgiate Olona (VA)  <br>\nITALIA<br>\nWeb: www.lindy.it<br>\nE-Mail: info@lindy.it<\/p>\n\n\n\n<p>Con questa informativa sulla protezione dei dati vi informiamo sullo scopo del trattamento dei vostri dati personali (in seguito denominati solamente \u201cdati\u201d). <\/p>\n\n\n\n<p><strong>B.&nbsp; &nbsp; Trattamento dei dati<\/strong><\/p>\n\n\n\n<p>Nell\u2019ambito del funzionamento del nostro sito web trattiamo dati. Il trattamento dei dati comprende anche la divulgazione tramite trasmissione.<\/p>\n\n\n\n<p>Per la trasmissione dei dati negli Stati Uniti esiste una protocollo deliberato della commissione Europea, il cosiddetto EU-US Privacy Shield. In questo documento la commissione certifica che le garanzie per la trasmissione di dati negli Stati Uniti basati sullo EU-US Privacy Shield corrispondono agli standard di protezione dei dati della Unione Europea. In caso di trasmissione di dati negli Stati Uniti abbiamo segnalato la partecipazione dei nostri fornitori di servizio allo EU-US Privacy Shield.<\/p>\n\n\n\n<p>Di seguito elenchiamo i dati coinvolti, i trattamenti, le basi legali, i destinatari e le trasmissioni a stati terzi:<\/p>\n\n\n\n<p>a)&nbsp;&nbsp;&nbsp; Log file<br>Protocolliamo la vostra visita sulle nostre pagine web. Trattiamo i seguenti dati: il nome della pagina web aperta, la data e l\u2019ora dell\u2019apertura, la quantit\u00e0 dei dati trasmessi, il tipo di browser e la sua versione, il sistema operativo da voi utilizzato, l\u2019URL di provenienza (il sito web visitato immediatamente prima), il vostro indirizzo IP e il provider richiedente. Tutto ci\u00f2 \u00e8 necessario per garantire la sicurezza del nostro sito web. Trattiamo i dati sulla base del nostro legittimo interesse conformemente all\u2019art.6, paragrafo 1, punto f del GDPR. Questo Logfile viene cancellato dopo sette giorni, salvo che possa servire a chiarire o provare delle infrazioni legali concrete che sono state evidenziate durante il periodo di conservazione.<br><\/p>\n\n\n\n<p>b)&nbsp;&nbsp;&nbsp; Hosting<br>Nell\u2019ambito del Hosting vengono memorizzati tutti i dati necessari per il funzionamento di questo sito web. Trattiamo i dati sulla base del nostro legittimo interesse conformemente all\u2019art.6, paragrafo 1, punto f del GDPR. Per poter realizzare la nostra presenza online, utilizziamo i servizi di fornitori di servizi Webhosting ai quali trasmettiamo i dati summenzionati.<br><\/p>\n\n\n\n<p>c)&nbsp; &nbsp; &nbsp; Presa di contatto<br>In caso lei ci contatti direttamente, noi tratteremo i suoi dati (nome e dati di contatto se forniti da lei direttamente) e il suo messaggio esclusivamente per poter gestire la sua richiesta. Questi dati vengono trattati da noi per gestire la sua conformemente all\u2019art.6, paragrafo 1, punto b o f del GDPR.<br><\/p>\n\n\n\n<p> <br>d)&nbsp; &nbsp; Cookies, analisi del sito web e marketing&nbsp; <br>Per poter permettere l\u2019utilizzo di determinati funzioni, facciamo uso di cosiddetti Cookies. Si tratta di brevi pacchetti di dati che vengono memorizzati sul vostro terminale e che vengono scambiati con altri fornitori. Alcuni dei Cookies da noi utilizzati vengono cancellati immediatamente dopo la chiusura del Vostro browser (i cosiddetti Cookies della sessione). Altri Cookies rimangono sul vostro terminale e permettono di riconoscere il vostro browser alla prossima visita. (i cosiddetti Cookies persistenti). <br>Potete cancellare tutti i Cookies sul Vostro terminale e programmare il Vostro browser in modo tale da evitare la memorizzazione di Cookies.<br>In questo caso \u00e8 possibile che dobbiate programmare il browser ogni qualvolta andate sul nostro sito e non possiate usufruire di tutte le funzioni che esso offre.<\/p>\n\n\n\n<p>Questo sito utilizza inoltre Google Analytics, un servizio web di analisi di Google Inc. (\\\\\\&#8221;Google\\\\\\&#8221;). Google Analytics utilizza \\\\\\&#8221;cookies\\\\\\&#8221;, dei file di testo salvati sul Vostro computer, per analizzare come gli utenti utilizzano il sito visitato. Le informazioni generate dal cookie su come utilizzate il sito sono normalmente trasferite in un server Google negli USA e salvate l\u00ec. In ogni caso se \u00e8 attivo sul sito il servizio che rende anonimo l\u2019indirizzo IP, questo verr\u00e0 ridotto e Google memorizzer\u00e0 solo l\u2019informazione che si tratta di un IP generato all\u2019interno degli stati membri o degli stati aderenti all\u2019Agreement on the European Economic Area. Solo in casi eccezionali l\u2019intero indirizzo IP verr\u00e0 trasferito negli USA e ridotto l\u00ec. In nome del proprietario di questo sito Google utilizzer\u00e0 le informazioni acquisite per valutare le modalit\u00e0 di utilizzo del sito e creare rapporti sulle attivit\u00e0 e fornire al gestore del sito tutti i servizi connessi all\u2019analisi dei comportamenti degli utenti.&nbsp;L\u2019indirizzo IP trasmesso dal vostro browser nel contesto di Google Analytics non verr\u00e0 combinato con altri dati raccolti da Google.<\/p>\n\n\n\n<a class=\"gaoo-opt-out google-analytics-opt-out\" href=\"javascript:gaoop_analytics_optout();\">Clicca qui per disattivare Google Analytics.<\/a>\n\n\n\n<p><\/p>\n\n\n\n<p>Potete rifiutarvi di utilizzare i cookie selezionando la relativa funzione del vostro browser. Vi preghiamo solo di ricordare che questo potrebbe impedire il corretto funzionamento del sito. Potete anche evitare che Google acquisisca le informazioni generate dal cookie e il loro relativo utilizzo (incluso il vostro indirizzo IP) sempre da parte di Google scaricando ed installando questo plug-in per il vostro browser : <a href=\"\\\\\\&quot;\\\\\\\\\\\\\\\\\\\\\\\\&quot;\\\\\\\\\\\\\\\\\\\\\\\\\\\\\\\\\\\\\\\\\\\\\\\\\\\\\\\\\\\\\\\\\\\\\\\\\\\\\\\\\\\\\\\\\\\\\\\\&quot;http:\/\/tools.google.com\/dlpage\/gaoptout?hl=en\\\\\\\\\\\\\\\\\\\\\\\\\\\\\\\\\\\\\\\\\\\\\\\\\\\\\\\\\\\\\\\\\\\\\\\\\\\\\\\\\\\\\\\\\\\\\\\\&quot;\\\\\\\\\\\\\\\\\\\\\\\\&quot;\\\\\\&quot;\">http:\/\/tools.google.com\/dlpage\/gaoptout?hl=en<\/a>.<\/p>\n\n\n\n<p>Questo sito web utilizza Google Analitycs con l\u2019estensione \\\\\\&#8221;_anonymizeIp()\\\\\\&#8221;. Come risultato gli indirizzi IP sono poi processati in forma abbreviata in modo da evitare una correlazione personale con l\u2019utente. Visto che parte dei dati raccolti sono personali questa procedura viene attuata immediatamente per eliminarli immediatamente.  <\/p>\n\n\n\n<p>Utilizziamo Google Analytics per analizzare e migliorare regolarmente il nostro sito e permetterci di renderlo pi\u00f9 interessante per voi come utenti. Nei casi eccezionali in cui i dati personali vengono trasferiti negli USA, Google ha sottoscritto il EU-US Privacy Shield, <a href=\"\\\\\\&quot;\\\\\\\\\\\\\\\\\\\\\\\\&quot;\\\\\\\\\\\\\\\\\\\\\\\\\\\\\\\\\\\\\\\\\\\\\\\\\\\\\\\\\\\\\\\\\\\\\\\\\\\\\\\\\\\\\\\\\\\\\\\\&quot;https:\/\/www.privacyshield.gov\/EU-US-Framework\\\\\\\\\\\\\\\\\\\\\\\\\\\\\\\\\\\\\\\\\\\\\\\\\\\\\\\\\\\\\\\\\\\\\\\\\\\\\\\\\\\\\\\\\\\\\\\\&quot;\\\\\\\\\\\\\\\\\\\\\\\\&quot;\\\\\\&quot;\">https:\/\/www.privacyshield.gov\/EU-US-Framework<\/a>.<\/p>\n\n\n\n<p>Informazioni da terze parti: Google Dublin, Google Ireland Ltd, Gordon House, Barrow Street, Dublin 4, Ireland, Fax: +353 (1) 436 1001. Terms of Use: <a href=\"\\\\\\&quot;\\\\\\\\\\\\\\\\\\\\\\\\&quot;\\\\\\\\\\\\\\\\\\\\\\\\\\\\\\\\\\\\\\\\\\\\\\\\\\\\\\\\\\\\\\\\\\\\\\\\\\\\\\\\\\\\\\\\\\\\\\\\&quot;http:\/\/www.google.com\/analytics\/terms\/de.html\\\\\\\\\\\\\\\\\\\\\\\\\\\\\\\\\\\\\\\\\\\\\\\\\\\\\\\\\\\\\\\\\\\\\\\\\\\\\\\\\\\\\\\\\\\\\\\\&quot;\\\\\\\\\\\\\\\\\\\\\\\\&quot;\\\\\\&quot;\">http:\/\/www.google.com\/analytics\/terms\/de.html<\/a> \\\\\\&#8221;Privacy Policy: <a href=\"\\\\\\&quot;\\\\\\\\\\\\\\\\\\\\\\\\&quot;\\\\\\\\\\\\\\\\\\\\\\\\\\\\\\\\\\\\\\\\\\\\\\\\\\\\\\\\\\\\\\\\\\\\\\\\\\\\\\\\\\\\\\\\\\\\\\\\&quot;http:\/\/www.google.com\/intl\/de\/analytics\/learn\/privacy.html\\\\\\\\\\\\\\\\\\\\\\\\\\\\\\\\\\\\\\\\\\\\\\\\\\\\\\\\\\\\\\\\\\\\\\\\\\\\\\\\\\\\\\\\\\\\\\\\&quot;\\\\\\\\\\\\\\\\\\\\\\\\&quot;\\\\\\&quot;\">http:\/\/www.google.com\/intl\/de\/analytics\/learn\/privacy.html<\/a>\\\\\\&#8221; e Privacy Policy: <a href=\"\\\\\\&quot;\\\\\\\\\\\\\\\\\\\\\\\\&quot;\\\\\\\\\\\\\\\\\\\\\\\\\\\\\\\\\\\\\\\\\\\\\\\\\\\\\\\\\\\\\\\\\\\\\\\\\\\\\\\\\\\\\\\\\\\\\\\\&quot;http:\/\/www.google.de\/intl\/de\/policies\/privacy\\\\\\\\\\\\\\\\\\\\\\\\\\\\\\\\\\\\\\\\\\\\\\\\\\\\\\\\\\\\\\\\\\\\\\\\\\\\\\\\\\\\\\\\\\\\\\\\&quot;\\\\\\\\\\\\\\\\\\\\\\\\&quot;\\\\\\&quot;\">http:\/\/www.google.de\/intl\/de\/policies\/privacy<\/a>.<\/p>\n\n\n<p>Cookies&nbsp;che utilizziamo<\/p>\n<p>Cookie strettamente necessari.<br>Si tratta di cookie necessari per la normale operativit\u00e0 del sito web. Sono inclusi, ad esempio, i cookie che permettono di impostare sul sito una determinata lingua a seconda del paese dell\u2019utente.<\/p>\n<p>Cookies di Analisi\/Performance <br>Cookie che ci permettono di contare e rilevare il numero di visitatori, incluso come si muovono all\u2019interno del sito durante il normale utilizzo. Ci\u00f2 ci aiuta ad ottimizzare le funzionalit\u00e0 del sito, assicurandoci ad esempio che gli utenti possano trovare agevolmente ci\u00f2 che stanno cercando.<\/p>\n<p>Sul nostro sito utilizziamo i seguenti cookie:<\/p>\n<p>lindy_country <br>Finalit\u00e0: Identificare la nazione dell\u2019utente. <br>(basandosi sui dati di geolocalizzazione offerti dal database GeoIP di Maxmind.<\/p>\n<p>lindy_language<br>Finalit\u00e0: Utilizzato per salvare la lingua dell\u2019utente. Purpose: (desumibile dalla nazione di appartenenza.)<\/p>\n<p>ga<br>Purpose: Google Analytics tracking code<\/p>\n<p>_gat_UA-126890209-1<br>Finalit\u00e0: tracking code di Google Analytics&nbsp;<\/p>\n<p>_gid<br>Finalit\u00e0: tracking code di Google Analytics<\/p>\n<p>vuid<br>Finalit\u00e0: Vimeo<br>Numero univoco Video<\/p>\n<p>player<br>Finalit\u00e0: player settings di Vimeo Video<\/p>\n<p><!--EndFragment--><\/p>\n<p>Monotype Imaging Inc.<br>Per una visualizzazione coerente dei font, utilizziamo \u201cCamber Web Fonts\u201d fornito da Monotype Imaging Inc. Quando si richiama una pagina, il browser carica i font web richiesti nella cache del browser stesso per visualizzare correttamente testi e font. A tale scopo, il browser deve connettersi ai server di Monotype Imaging Inc. indicando l\u2019indirizzo IP utilizzato dall\u2019utente per accedere al nostro sito web. L\u2019utilizzo di \u201cCamber Web Fonts\u201d \u00e8 nell\u2019interesse della struttura tecnica del sito web in modo da avere una presentazione uniforme delle nostre offerte online. La base giuridica del trattamento rappresenta un interesse legittimo ai sensi dell\u2019articolo. 6 par. 1 lit. f DSGVO. Se il vostro browser non dovesse supportare i font web, il computer utilizzer\u00e0 un font predefinito.<br>Trovate ulteriori informazioni su \u201cCamber Web Fronts\u201d all\u2019indirizzo <a href=\"\\\\\\&quot;\\\\\\\\\\\\\\\\\\\\\\\\&quot;\\\\\\\\\\\\\\\\\\\\\\\\\\\\\\\\\\\\\\\\\\\\\\\\\\\\\\\\\\\\\\\\\\\\\\\\\\\\\\\\\\\\\\\\\\\\\\\\&quot;https:\/\/www.fonts.com\\\\\\\\\\\\\\\\\\\\\\\\\\\\\\\\\\\\\\\\\\\\\\\\\\\\\\\\\\\\\\\\\\\\\\\\\\\\\\\\\\\\\\\\\\\\\\\\&quot;\\\\\\\\\\\\\\\\\\\\\\\\&quot;\\\\\\&quot;\">https:\/\/www.fonts.com<\/a> e nella dichiarazione sulla protezione dei dati: <a href=\"\\\\\\&quot;\\\\\\\\\\\\\\\\\\\\\\\\&quot;\\\\\\\\\\\\\\\\\\\\\\\\\\\\\\\\\\\\\\\\\\\\\\\\\\\\\\\\\\\\\\\\\\\\\\\\\\\\\\\\\\\\\\\\\\\\\\\\&quot;https:\/\/www.monotype.com\/legal\/privacy-policy\\\\\\\\\\\\\\\\\\\\\\\\\\\\\\\\\\\\\\\\\\\\\\\\\\\\\\\\\\\\\\\\\\\\\\\\\\\\\\\\\\\\\\\\\\\\\\\\&quot;\\\\\\\\\\\\\\\\\\\\\\\\&quot;\\\\\\&quot;\">https:\/\/www.monotype.com\/legal\/privacy-policy<\/a>.<\/p>\n<p><\/p>\n<p><strong>C.&nbsp;&nbsp;&nbsp; Durata della memorizzazione dei dati<\/strong><\/p>\n<p>Teniamo memorizzati i dati personali solo per il tempo necessario, per il quale il loro trattamento \u00e8 stato richiesto oppure fino a quando il vostro consenso per il trattamento non viene revocato. In caso di obblighi di legge la durata di memorizzazione dei dati pu\u00f2 richiedere una durata fino a 10 anni, indipendentemente dallo scopo per il quale essi sono stati forniti.<\/p>\n<p><\/p>\n<p><strong>D.&nbsp;&nbsp;&nbsp; Vostri diritti<\/strong><\/p>\n<p>a)&nbsp; &nbsp; Informazione <br>Su richiesta potete ottenere in qualunque momento e senza alcun costo tutte le informazioni circa i vostri dati personali che abbiamo memorizzato.<\/p>\n<p>b)&nbsp; &nbsp; Correzione, cancellazione, limitazione del trattamento (blocco), opposizione<br>Nel caso non doveste pi\u00f9 acconsentire alla memorizzazione dei vostri dati personali oppure questi non dovessero pi\u00f9 risultare corretti, provvederemo su richiesta a cancellarli o correggerli, se questo sar\u00e0 legalmente possibile. Lo stesso vale se in futuro dovessimo poter trattare i dati solo in modo limitato.<\/p>\n<p>c)&nbsp; &nbsp; Trasmissibilit\u00e0 dei dati<br>Su richiesta vi metteremo i vostri dati a disposizione, in un formato informatico standard e strutturato, per permettervi di trasmetterli a un altro responsabile.<\/p>\n<p>d)&nbsp; &nbsp; Diritto di reclamo<br>E\u2019 sempre possibile esercitare il proprio diritto di reclamo presso il Garante per la Privacy che potete contattare al seguente indirizzo web: <a href=\"\\\\\\&quot;\\\\\\\\\\\\\\\\\\\\\\\\&quot;\\\\\\\\\\\\\\\\\\\\\\\\\\\\\\\\\\\\\\\\\\\\\\\\\\\\\\\\\\\\\\\\\\\\\\\\\\\\\\\\\\\\\\\\\\\\\\\\&quot;http:\/\/www.garanteprivacy.it\\\\\\\\\\\\\\\\\\\\\\\\\\\\\\\\\\\\\\\\\\\\\\\\\\\\\\\\\\\\\\\\\\\\\\\\\\\\\\\\\\\\\\\\\\\\\\\\&quot;\\\\\\\\\\\\\\\\\\\\\\\\&quot;\\\\\\&quot;\">www.garanteprivacy.it<\/a><\/p>\n<p>e)&nbsp; &nbsp; Diritto di revoca del consenso <br>Potete revocare il vostro consenso in qualunque momento, senza che questo limiti la legalit\u00e0 del trattamento fino al momento della revoca.<\/p>\n<p>f)&nbsp; &nbsp; Limitazioni<br>I dati che non ci consentono di identificare la persona coinvolta, p.es. in caso di elaborazione anonima per motivi statistici, non sono soggetti ai diritti sopraelencati. Informazione, cancellazione, blocco, correzione o trasmissione a un altro ente di questi dati sono solamente possibili informandoci su motivazioni e necessit\u00e0 del caso permettendoci una chiara identificazione degli stessi.<\/p>\n<p>g)&nbsp; &nbsp; Esercizio dei vostri diritti<br>Se avete domande circa il trattamento dei vostri dati o volete ottenere informazioni, la cancellazione, il blocco, la correzione o la trasmissione a un altro ente potete inviare una richiesta via email all\u2018indirizzo <a href=\"\\\\\\&quot;http:\/\/&quot;mailto:dataprotection@lindy.it&quot;\\\\\\&quot;\">dataprotection@lindy.it<\/a><\/p>","protected":false},"excerpt":{"rendered":"<p>Informativa sulla protezione dei dati personali A.&nbsp; &nbsp;&nbsp;Responsabilit\u00e0 del trattamento dei dati Responsabile per il trattamento dei dati personali per quanto riguarda questo sito web secondo il Regolamento Europeo sulla protezione dei dati personali n. 679\/2016, noto anche come GDPR (General Data Protection Regulation) \u00e8: LINDY Italia s.r.l. Via G. De Dionigi, 3 21057 Olgiate [&hellip;]<\/p>\n","protected":false},"author":11,"featured_media":0,"parent":0,"menu_order":0,"comment_status":"closed","ping_status":"closed","template":"","meta":{"_acf_changed":false,"footnotes":""},"class_list":["post-73","page","type-page","status-publish","hentry"],"acf":[],"yoast_head":"<!-- This site is optimized with the Yoast SEO plugin v26.6 - https:\/\/yoast.com\/wordpress\/plugins\/seo\/ -->\n<title>Privacy - Lindy - Italian<\/title>\n<meta name=\"robots\" content=\"index, follow, max-snippet:-1, max-image-preview:large, max-video-preview:-1\" \/>\n<link rel=\"canonical\" href=\"https:\/\/lindy.com\/it\/privacy\/\" \/>\n<meta property=\"og:locale\" content=\"it_IT\" \/>\n<meta property=\"og:type\" content=\"article\" \/>\n<meta property=\"og:title\" content=\"Privacy - Lindy - Italian\" \/>\n<meta property=\"og:description\" content=\"Informativa sulla protezione dei dati personali A.&nbsp; &nbsp;&nbsp;Responsabilit\u00e0 del trattamento dei dati Responsabile per il trattamento dei dati personali per quanto riguarda questo sito web secondo il Regolamento Europeo sulla protezione dei dati personali n. 679\/2016, noto anche come GDPR (General Data Protection Regulation) \u00e8: LINDY Italia s.r.l. Via G. De Dionigi, 3 21057 Olgiate [&hellip;]\" \/>\n<meta property=\"og:url\" content=\"https:\/\/lindy.com\/it\/privacy\/\" \/>\n<meta property=\"og:site_name\" content=\"Lindy - Italian\" \/>\n<meta property=\"article:modified_time\" content=\"2019-05-15T15:42:34+00:00\" \/>\n<meta name=\"twitter:card\" content=\"summary_large_image\" \/>\n<meta name=\"twitter:label1\" content=\"Tempo di lettura stimato\" \/>\n\t<meta name=\"twitter:data1\" content=\"8 minuti\" \/>\n<script type=\"application\/ld+json\" class=\"yoast-schema-graph\">{\"@context\":\"https:\/\/schema.org\",\"@graph\":[{\"@type\":\"WebPage\",\"@id\":\"https:\/\/lindy.com\/it\/privacy\/\",\"url\":\"https:\/\/lindy.com\/it\/privacy\/\",\"name\":\"Privacy - Lindy - Italian\",\"isPartOf\":{\"@id\":\"https:\/\/lindy.com\/it\/#website\"},\"datePublished\":\"2018-12-03T14:31:47+00:00\",\"dateModified\":\"2019-05-15T15:42:34+00:00\",\"breadcrumb\":{\"@id\":\"https:\/\/lindy.com\/it\/privacy\/#breadcrumb\"},\"inLanguage\":\"it-IT\",\"potentialAction\":[{\"@type\":\"ReadAction\",\"target\":[\"https:\/\/lindy.com\/it\/privacy\/\"]}]},{\"@type\":\"BreadcrumbList\",\"@id\":\"https:\/\/lindy.com\/it\/privacy\/#breadcrumb\",\"itemListElement\":[{\"@type\":\"ListItem\",\"position\":1,\"name\":\"Home\",\"item\":\"https:\/\/lindy.com\/it\/\"},{\"@type\":\"ListItem\",\"position\":2,\"name\":\"Privacy\"}]},{\"@type\":\"WebSite\",\"@id\":\"https:\/\/lindy.com\/it\/#website\",\"url\":\"https:\/\/lindy.com\/it\/\",\"name\":\"Lindy - Italian\",\"description\":\"Connection Perfection\",\"potentialAction\":[{\"@type\":\"SearchAction\",\"target\":{\"@type\":\"EntryPoint\",\"urlTemplate\":\"https:\/\/lindy.com\/it\/?s={search_term_string}\"},\"query-input\":{\"@type\":\"PropertyValueSpecification\",\"valueRequired\":true,\"valueName\":\"search_term_string\"}}],\"inLanguage\":\"it-IT\"}]}<\/script>\n<!-- \/ Yoast SEO plugin. -->","yoast_head_json":{"title":"Privacy - Lindy - Italian","robots":{"index":"index","follow":"follow","max-snippet":"max-snippet:-1","max-image-preview":"max-image-preview:large","max-video-preview":"max-video-preview:-1"},"canonical":"https:\/\/lindy.com\/it\/privacy\/","og_locale":"it_IT","og_type":"article","og_title":"Privacy - Lindy - Italian","og_description":"Informativa sulla protezione dei dati personali A.&nbsp; &nbsp;&nbsp;Responsabilit\u00e0 del trattamento dei dati Responsabile per il trattamento dei dati personali per quanto riguarda questo sito web secondo il Regolamento Europeo sulla protezione dei dati personali n. 679\/2016, noto anche come GDPR (General Data Protection Regulation) \u00e8: LINDY Italia s.r.l. Via G. De Dionigi, 3 21057 Olgiate [&hellip;]","og_url":"https:\/\/lindy.com\/it\/privacy\/","og_site_name":"Lindy - Italian","article_modified_time":"2019-05-15T15:42:34+00:00","twitter_card":"summary_large_image","twitter_misc":{"Tempo di lettura stimato":"8 minuti"},"schema":{"@context":"https:\/\/schema.org","@graph":[{"@type":"WebPage","@id":"https:\/\/lindy.com\/it\/privacy\/","url":"https:\/\/lindy.com\/it\/privacy\/","name":"Privacy - Lindy - Italian","isPartOf":{"@id":"https:\/\/lindy.com\/it\/#website"},"datePublished":"2018-12-03T14:31:47+00:00","dateModified":"2019-05-15T15:42:34+00:00","breadcrumb":{"@id":"https:\/\/lindy.com\/it\/privacy\/#breadcrumb"},"inLanguage":"it-IT","potentialAction":[{"@type":"ReadAction","target":["https:\/\/lindy.com\/it\/privacy\/"]}]},{"@type":"BreadcrumbList","@id":"https:\/\/lindy.com\/it\/privacy\/#breadcrumb","itemListElement":[{"@type":"ListItem","position":1,"name":"Home","item":"https:\/\/lindy.com\/it\/"},{"@type":"ListItem","position":2,"name":"Privacy"}]},{"@type":"WebSite","@id":"https:\/\/lindy.com\/it\/#website","url":"https:\/\/lindy.com\/it\/","name":"Lindy - Italian","description":"Connection Perfection","potentialAction":[{"@type":"SearchAction","target":{"@type":"EntryPoint","urlTemplate":"https:\/\/lindy.com\/it\/?s={search_term_string}"},"query-input":{"@type":"PropertyValueSpecification","valueRequired":true,"valueName":"search_term_string"}}],"inLanguage":"it-IT"}]}},"_links":{"self":[{"href":"https:\/\/lindy.com\/it\/wp-json\/wp\/v2\/pages\/73","targetHints":{"allow":["GET"]}}],"collection":[{"href":"https:\/\/lindy.com\/it\/wp-json\/wp\/v2\/pages"}],"about":[{"href":"https:\/\/lindy.com\/it\/wp-json\/wp\/v2\/types\/page"}],"author":[{"embeddable":true,"href":"https:\/\/lindy.com\/it\/wp-json\/wp\/v2\/users\/11"}],"replies":[{"embeddable":true,"href":"https:\/\/lindy.com\/it\/wp-json\/wp\/v2\/comments?post=73"}],"version-history":[{"count":0,"href":"https:\/\/lindy.com\/it\/wp-json\/wp\/v2\/pages\/73\/revisions"}],"wp:attachment":[{"href":"https:\/\/lindy.com\/it\/wp-json\/wp\/v2\/media?parent=73"}],"curies":[{"name":"wp","href":"https:\/\/api.w.org\/{rel}","templated":true}]}}