{"id":799,"date":"2020-01-16T11:29:29","date_gmt":"2020-01-16T11:29:29","guid":{"rendered":"https:\/\/lindy.com\/it\/?page_id=799"},"modified":"2020-02-17T15:27:47","modified_gmt":"2020-02-17T15:27:47","slug":"stazioni-di-controllo-industriali-e-monitoraggio","status":"publish","type":"page","link":"https:\/\/lindy.com\/it\/stazioni-di-controllo-industriali-e-monitoraggio\/","title":{"rendered":"Stazioni di controllo industriali e monitoraggio"},"content":{"rendered":"\n<section class=\"wp-block-lindy-parallax-hero section parallax-hero theme--light align--center  font--size-large\" style=\"background-image:url(https:\/\/lindy.com\/de\/wp-content\/uploads\/sites\/3\/2019\/12\/Control-room-layer-1.jpg)\"><div class=\"contained contained--full-width\"><div class=\"parallax-hero__content\"><div class=\"parallax-hero__content-wrapper align--center\"><h2 class=\"section__heading\"><span>Applicazioni per <\/span><\/h2><h2 class=\"section__subheading section__subheading__title\">stazioni di controllo industriali e monitoraggio<\/h2><\/div><\/div><\/div><\/section>\n\n\n\n<section class=\"wp-block-lindy-parallax-hero section parallax-hero theme--light align--left  font--size-medium\" style=\"background-image:url(https:\/\/lindy.com\/de\/wp-content\/uploads\/sites\/3\/2019\/12\/Control-room.jpg)\"><div class=\"contained contained--full-width\"><div class=\"parallax-hero__content\"><div class=\"parallax-hero__content-wrapper align--left\"><\/div><\/div><\/div><\/section>\n\n\n\n<section class=\"wp-block-lindy-parallax-hero section parallax-hero theme--light align--center font--camber font--size-medium\" style=\"background-image:url(https:\/\/lindy.com\/de\/wp-content\/uploads\/sites\/3\/2019\/12\/Control-room-layer-1.jpg)\"><div class=\"contained contained--full-width\"><div class=\"parallax-hero__content\"><div class=\"parallax-hero__content-wrapper align--center\"><h2 class=\"section__heading\"><span>Linea di produzione<\/span><\/h2><h2 class=\"section__subheading section__subheading__title\">Per l&#8217;industria 4.0<\/h2><p class=\"section__paragraph\"> <br\/>Il monitoraggio, il controllo interattivo e la regolazione dei processi automatici di produzione costituiscono gli aspetti fondamentali pi\u00f9 significativi dell&#8217;industria 4.0. In qualit\u00e0 di fornitori di valori di regolazione nei circuiti di controllo di tali ambienti, il monitoraggio assume un&#8217;enorme importanza.<br\/> <br\/>Considerando infatti che i display e le console di accesso dei sistemi informatici per l&#8217;intero sistema di controllo sono sempre posizionati centralmente (in sale di controllo o stazioni di controllo protette), in questi scenari di produzione \u00e8 imprescindibile disporre di una comunicazione KVM con i computer di controllo delle linee di produzione e con le telecamere di sorveglianza che sia altamente affidabile sulle lunghe distanze.<\/p><\/div><\/div><\/div><\/section>\n\n\n\n<section class=\"wp-block-lindy-heading-text section section--heading-text theme--dark align--center  font--size-medium section--animation-none\"><div class=\"contained\"><h2 class=\"section__heading\"><span><br\/>Contenuti AV multipli<\/span><\/h2><h2 class=\"section__subheading section__subheading__title\">Trasmessi tramite rete IP<\/h2><\/div><\/section>\n\n\n\n<section class=\"wp-block-lindy-full-width-image section section--full-width-image full-width-image theme--dark align--left font--size-medium\" style=\"background-image:url(https:\/\/lindy.com\/de\/wp-content\/uploads\/sites\/3\/2020\/01\/38264_5_1_new.jpg)\"><img decoding=\"async\" class=\"full-width-image__image\" src=\"https:\/\/lindy.com\/de\/wp-content\/uploads\/sites\/3\/2020\/01\/38264_5_1_new.jpg\"\/><div class=\"contained\"><div class=\"full-width-image__content\"><h2 class=\"section__subheading section__subheading__title\"> <\/h2><\/div><\/div><\/section>\n\n\n\n<section class=\"wp-block-lindy-image-text-module section section--full-width-image full-width-image--with-text theme--dark section--animation-none align--center  font--size-medium\" style=\"background-image:url()\"><img decoding=\"async\" class=\"full-width-image__image\" src=\"\"\/><div class=\"contained\"><div class=\"full-width-image__content\"><p class=\"section__paragraph\">In scenari come quello qui illustrato, in cui la necessit\u00e0 di utilizzare pi\u00f9 sorgenti richiede la trasmissione di pi\u00f9 contenuti AV, ha sempre senso considerare soluzioni basate su IP nella scelta del mezzo di trasmissione. Forniscono un modo semplice per superare lunghe distanze e stabilire connessioni multiple utilizzando un&#8217;infrastruttura di cavi a basso costo che di solito \u00e8 gi\u00e0 disponibile in loco.<br\/><br\/>Il sistema KVM over IP Extender System consente la trasmissione di contenuti HDMI 1.4 AV fino a 4K (3840x2160p@30Hz) su distanze fino a 150m utilizzando una rete Gigabit esistente. In qualit\u00e0 di extender KVM, consente anche l&#8217;accesso completo a tastiera e mouse via USB dalla sorgente. Grazie all&#8217;HDCP 1.4 integrato, anche i contenuti protetti da copia non sono esclusi dalla trasmissione. A seconda dei requisiti dell&#8217;installazione, possono essere implementate sia applicazioni dirette punto-punto che punto-multipunto.<br\/><br\/>Naturalmente non \u00e8 assolutamente necessario utilizzare le reti esistenti, cos\u00ec come &#8211; come mostrato in questa soluzione &#8211; \u00e8 possibile impostare una rete IP dedicata allo scopo dell&#8217;applicazione con l&#8217;aiuto di uno switch Gigabit.   <\/p><a href=\"https:\/\/www.lindy.it\/?websale8=ld0101.ld040104&amp;ci=260\" class=\"button button--white-transparent\" target=\"_blank\" rel=\"noopener noreferrer\">ACQUISTA ONLINE<\/a><\/div><\/div><\/section>\n\n\n\n<section class=\"wp-block-lindy-heading-text section section--heading-text theme--dark align--center font--camber font--size-small section--animation-none\"><div class=\"contained\"><h2 class=\"section__heading\"><span>SCENARIO INDUSTRIALE &#8211; LINEA DI PRODUZIONE <\/span><\/h2><h2 class=\"section__subheading section__subheading__title\"> CONTROLLO E MONITORAGGIO <\/h2><\/div><\/section>\n\n\n\n<section class=\"wp-block-lindy-zoom-image section section--zoom-image zoom-image align--center theme--dark\"><div class=\"contained\"><div class=\"zoom-image-wrapper\"><img decoding=\"async\" class=\"zoomable\" src=\"https:\/\/lindy.com\/de\/wp-content\/uploads\/sites\/3\/2020\/01\/38264_zoom-1.jpg\" data-zoom-img=\"https:\/\/lindy.com\/de\/wp-content\/uploads\/sites\/3\/2020\/01\/38264_zoom-1.jpg\"\/><\/div><span class=\"zoom-image__description\">Click to zoom<\/span><\/div><\/section>\n\n\n\n<section class=\"wp-block-lindy-image-text-module section section--full-width-image full-width-image--with-text theme--dark section--animation-none align--center  font--size-medium\" style=\"background-image:url()\"><img decoding=\"async\" class=\"full-width-image__image\" src=\"\"\/><div class=\"contained\"><div class=\"full-width-image__content\"><h2 class=\"section__heading\"><span>Tutti i dati in sintesi   <\/span><\/h2><h2 class=\"section__subheading section__subheading__title\">Componenti Dual-Head   <\/h2><p class=\"section__paragraph\"><br\/> Nella soluzione elaborata per questi scenari, quattro linee di produzione e due (o pi\u00f9) telecamere di sorveglianza sono controllate ciascuna da un sistema informatico tramite connessione USB. A causa del gran numero di parametri da monitorare, i dati di monitoraggio delle linee di produzione e le immagini delle telecamere devono essere visualizzati su due display per ogni sistema informatico, due computer che devono essere commutabili alternativamente tramite uno switch KVM con accesso alla console. Per poter commutare il contenuto di due display provenienti da ciascun computer, l&#8217;interruttore \u00e8 stato progettato in versione Dual-Head con due canali AV.<br\/><br\/>Grazie alla compatibilit\u00e0 del segnale, i segnali HDMI dei sistemi informatici possono essere convertiti direttamente dagli switch KVM con l&#8217;aiuto di semplici adattatori sui connettori DVI necessari per gli switch KVM e tornare ad HDMI direttamente con lo switch. Gli extender forniscono il collegamento AV sulla lunga distanza tra le linee di produzione e la sala di controllo e sono sistemi KVM basati su IP. Oltre ai due canali AV, questi sistemi trasportano anche i segnali USB per tastiera e mouse grazie alla loro capacit\u00e0 KVM.  <\/p><\/div><\/div><\/section>\n\n\n\n<section class=\"wp-block-lindy-heading-text section section--heading-text theme--light align--center  font--size-medium section--animation-none\"><div class=\"contained\"><h2 class=\"section__heading\"><span>Switch doppio<\/span><\/h2><h2 class=\"section__subheading section__subheading__title\">Switch KVM Dual Head  <\/h2><\/div><\/section>\n\n\n\n<section class=\"wp-block-lindy-full-width-image section section--full-width-image full-width-image theme--dark align--left font--size-medium width--half\" style=\"background-image:url(https:\/\/lindy.com\/de\/wp-content\/uploads\/sites\/3\/2020\/01\/39300_HW.jpg)\"><img decoding=\"async\" class=\"full-width-image__image\" src=\"https:\/\/lindy.com\/de\/wp-content\/uploads\/sites\/3\/2020\/01\/39300_HW.jpg\"\/><div class=\"contained\"><div class=\"full-width-image__content\"><\/div><\/div><\/section>\n\n\n\n<section class=\"wp-block-lindy-image-text-module section section--full-width-image full-width-image--with-text theme--light section--animation-none align--left  font--size-medium width--half\" style=\"background-image:url()\"><img decoding=\"async\" class=\"full-width-image__image\" src=\"\"\/><div class=\"contained\"><div class=\"full-width-image__content\"><p class=\"section__paragraph\">Lo switch KVM Dual Head DVI a 2 porte (n.  39300) commuta i segnali USB, audio e due segnali DVI-I di due sistemi informatici con la sola pressione di un tasto sul dispositivo o di un tasto di scelta rapida della tastiera, all&#8217;interno di una postazione di lavoro completa dotata di tastiera, mouse, casse audio e 2 display. Sono supportate risoluzioni DVI Single Link fino a 1920&#215;1200 a 60Hz. La commutazione con un tasto di scelta rapida da tastiera, consente di posizionare la postazione di lavoro lontano dai sistemi informatici grazie a un sistema extender adeguato su grandi distanze, come nella soluzione mostrata.<br\/> <br\/>Un hub USB 2.0 integrato permette anche di collegare altre periferiche USB che, come il canale audio, possono essere commutate ad ogni operazione di commutazione o restare assegnate in modo fisso ad uno dei due sistemi informatici collegati. Questo consente una grande flessibilit\u00e0 di configurazione e utilizzo.<\/p><a href=\"https:\/\/www.lindy.it\/Switch-KVM-Pro-2-porte-DVI-Dual-Head-Audio-USB-2-0.htm?websale8=ld0101.ld040104&amp;pi=39300&amp;ci=30\" class=\"button button--dark\" target=\"_blank\" rel=\"noopener noreferrer\">ACQUISTA ONLINE<\/a><\/div><\/div><\/section>\n","protected":false},"excerpt":{"rendered":"","protected":false},"author":11,"featured_media":0,"parent":0,"menu_order":0,"comment_status":"closed","ping_status":"closed","template":"page-templates\/template-landing.php","meta":{"_acf_changed":false,"footnotes":""},"class_list":["post-799","page","type-page","status-publish","hentry"],"acf":[],"yoast_head":"<!-- This site is optimized with the Yoast SEO plugin v26.6 - https:\/\/yoast.com\/wordpress\/plugins\/seo\/ -->\n<title>Stazioni di controllo industriali e monitoraggio per l&#039;industria 4.0<\/title>\n<meta name=\"description\" content=\"Il monitoraggio, il controllo interattivo e la regolazione dei processi automatici di produzione costituiscono gli aspetti fondamentali pi\u00f9 significativi dell&#039;industria 4.0.\" \/>\n<meta name=\"robots\" content=\"index, follow, max-snippet:-1, max-image-preview:large, max-video-preview:-1\" \/>\n<link rel=\"canonical\" href=\"https:\/\/lindy.com\/it\/stazioni-di-controllo-industriali-e-monitoraggio\/\" \/>\n<meta property=\"og:locale\" content=\"it_IT\" \/>\n<meta property=\"og:type\" content=\"article\" \/>\n<meta property=\"og:title\" content=\"Stazioni di controllo industriali e monitoraggio per l&#039;industria 4.0\" \/>\n<meta property=\"og:description\" content=\"Il monitoraggio, il controllo interattivo e la regolazione dei processi automatici di produzione costituiscono gli aspetti fondamentali pi\u00f9 significativi dell&#039;industria 4.0.\" \/>\n<meta property=\"og:url\" content=\"https:\/\/lindy.com\/it\/stazioni-di-controllo-industriali-e-monitoraggio\/\" \/>\n<meta property=\"og:site_name\" content=\"Lindy - Italian\" \/>\n<meta property=\"article:modified_time\" content=\"2020-02-17T15:27:47+00:00\" \/>\n<meta property=\"og:image\" content=\"https:\/\/lindy.com\/de\/wp-content\/uploads\/sites\/3\/2020\/01\/38264_5_1_new.jpg\" \/>\n<meta name=\"twitter:card\" content=\"summary_large_image\" \/>\n<meta name=\"twitter:label1\" content=\"Tempo di lettura stimato\" \/>\n\t<meta name=\"twitter:data1\" content=\"3 minuti\" \/>\n<script type=\"application\/ld+json\" class=\"yoast-schema-graph\">{\"@context\":\"https:\/\/schema.org\",\"@graph\":[{\"@type\":\"WebPage\",\"@id\":\"https:\/\/lindy.com\/it\/stazioni-di-controllo-industriali-e-monitoraggio\/\",\"url\":\"https:\/\/lindy.com\/it\/stazioni-di-controllo-industriali-e-monitoraggio\/\",\"name\":\"Stazioni di controllo industriali e monitoraggio per l'industria 4.0\",\"isPartOf\":{\"@id\":\"https:\/\/lindy.com\/it\/#website\"},\"primaryImageOfPage\":{\"@id\":\"https:\/\/lindy.com\/it\/stazioni-di-controllo-industriali-e-monitoraggio\/#primaryimage\"},\"image\":{\"@id\":\"https:\/\/lindy.com\/it\/stazioni-di-controllo-industriali-e-monitoraggio\/#primaryimage\"},\"thumbnailUrl\":\"https:\/\/lindy.com\/de\/wp-content\/uploads\/sites\/3\/2020\/01\/38264_5_1_new.jpg\",\"datePublished\":\"2020-01-16T11:29:29+00:00\",\"dateModified\":\"2020-02-17T15:27:47+00:00\",\"description\":\"Il monitoraggio, il controllo interattivo e la regolazione dei processi automatici di produzione costituiscono gli aspetti fondamentali pi\u00f9 significativi dell'industria 4.0.\",\"breadcrumb\":{\"@id\":\"https:\/\/lindy.com\/it\/stazioni-di-controllo-industriali-e-monitoraggio\/#breadcrumb\"},\"inLanguage\":\"it-IT\",\"potentialAction\":[{\"@type\":\"ReadAction\",\"target\":[\"https:\/\/lindy.com\/it\/stazioni-di-controllo-industriali-e-monitoraggio\/\"]}]},{\"@type\":\"ImageObject\",\"inLanguage\":\"it-IT\",\"@id\":\"https:\/\/lindy.com\/it\/stazioni-di-controllo-industriali-e-monitoraggio\/#primaryimage\",\"url\":\"https:\/\/lindy.com\/de\/wp-content\/uploads\/sites\/3\/2020\/01\/38264_5_1_new.jpg\",\"contentUrl\":\"https:\/\/lindy.com\/de\/wp-content\/uploads\/sites\/3\/2020\/01\/38264_5_1_new.jpg\"},{\"@type\":\"BreadcrumbList\",\"@id\":\"https:\/\/lindy.com\/it\/stazioni-di-controllo-industriali-e-monitoraggio\/#breadcrumb\",\"itemListElement\":[{\"@type\":\"ListItem\",\"position\":1,\"name\":\"Home\",\"item\":\"https:\/\/lindy.com\/it\/\"},{\"@type\":\"ListItem\",\"position\":2,\"name\":\"Stazioni di controllo industriali e monitoraggio\"}]},{\"@type\":\"WebSite\",\"@id\":\"https:\/\/lindy.com\/it\/#website\",\"url\":\"https:\/\/lindy.com\/it\/\",\"name\":\"Lindy - Italian\",\"description\":\"Connection Perfection\",\"potentialAction\":[{\"@type\":\"SearchAction\",\"target\":{\"@type\":\"EntryPoint\",\"urlTemplate\":\"https:\/\/lindy.com\/it\/?s={search_term_string}\"},\"query-input\":{\"@type\":\"PropertyValueSpecification\",\"valueRequired\":true,\"valueName\":\"search_term_string\"}}],\"inLanguage\":\"it-IT\"}]}<\/script>\n<!-- \/ Yoast SEO plugin. -->","yoast_head_json":{"title":"Stazioni di controllo industriali e monitoraggio per l'industria 4.0","description":"Il monitoraggio, il controllo interattivo e la regolazione dei processi automatici di produzione costituiscono gli aspetti fondamentali pi\u00f9 significativi dell'industria 4.0.","robots":{"index":"index","follow":"follow","max-snippet":"max-snippet:-1","max-image-preview":"max-image-preview:large","max-video-preview":"max-video-preview:-1"},"canonical":"https:\/\/lindy.com\/it\/stazioni-di-controllo-industriali-e-monitoraggio\/","og_locale":"it_IT","og_type":"article","og_title":"Stazioni di controllo industriali e monitoraggio per l'industria 4.0","og_description":"Il monitoraggio, il controllo interattivo e la regolazione dei processi automatici di produzione costituiscono gli aspetti fondamentali pi\u00f9 significativi dell'industria 4.0.","og_url":"https:\/\/lindy.com\/it\/stazioni-di-controllo-industriali-e-monitoraggio\/","og_site_name":"Lindy - Italian","article_modified_time":"2020-02-17T15:27:47+00:00","og_image":[{"url":"https:\/\/lindy.com\/de\/wp-content\/uploads\/sites\/3\/2020\/01\/38264_5_1_new.jpg","type":"","width":"","height":""}],"twitter_card":"summary_large_image","twitter_misc":{"Tempo di lettura stimato":"3 minuti"},"schema":{"@context":"https:\/\/schema.org","@graph":[{"@type":"WebPage","@id":"https:\/\/lindy.com\/it\/stazioni-di-controllo-industriali-e-monitoraggio\/","url":"https:\/\/lindy.com\/it\/stazioni-di-controllo-industriali-e-monitoraggio\/","name":"Stazioni di controllo industriali e monitoraggio per l'industria 4.0","isPartOf":{"@id":"https:\/\/lindy.com\/it\/#website"},"primaryImageOfPage":{"@id":"https:\/\/lindy.com\/it\/stazioni-di-controllo-industriali-e-monitoraggio\/#primaryimage"},"image":{"@id":"https:\/\/lindy.com\/it\/stazioni-di-controllo-industriali-e-monitoraggio\/#primaryimage"},"thumbnailUrl":"https:\/\/lindy.com\/de\/wp-content\/uploads\/sites\/3\/2020\/01\/38264_5_1_new.jpg","datePublished":"2020-01-16T11:29:29+00:00","dateModified":"2020-02-17T15:27:47+00:00","description":"Il monitoraggio, il controllo interattivo e la regolazione dei processi automatici di produzione costituiscono gli aspetti fondamentali pi\u00f9 significativi dell'industria 4.0.","breadcrumb":{"@id":"https:\/\/lindy.com\/it\/stazioni-di-controllo-industriali-e-monitoraggio\/#breadcrumb"},"inLanguage":"it-IT","potentialAction":[{"@type":"ReadAction","target":["https:\/\/lindy.com\/it\/stazioni-di-controllo-industriali-e-monitoraggio\/"]}]},{"@type":"ImageObject","inLanguage":"it-IT","@id":"https:\/\/lindy.com\/it\/stazioni-di-controllo-industriali-e-monitoraggio\/#primaryimage","url":"https:\/\/lindy.com\/de\/wp-content\/uploads\/sites\/3\/2020\/01\/38264_5_1_new.jpg","contentUrl":"https:\/\/lindy.com\/de\/wp-content\/uploads\/sites\/3\/2020\/01\/38264_5_1_new.jpg"},{"@type":"BreadcrumbList","@id":"https:\/\/lindy.com\/it\/stazioni-di-controllo-industriali-e-monitoraggio\/#breadcrumb","itemListElement":[{"@type":"ListItem","position":1,"name":"Home","item":"https:\/\/lindy.com\/it\/"},{"@type":"ListItem","position":2,"name":"Stazioni di controllo industriali e monitoraggio"}]},{"@type":"WebSite","@id":"https:\/\/lindy.com\/it\/#website","url":"https:\/\/lindy.com\/it\/","name":"Lindy - Italian","description":"Connection Perfection","potentialAction":[{"@type":"SearchAction","target":{"@type":"EntryPoint","urlTemplate":"https:\/\/lindy.com\/it\/?s={search_term_string}"},"query-input":{"@type":"PropertyValueSpecification","valueRequired":true,"valueName":"search_term_string"}}],"inLanguage":"it-IT"}]}},"_links":{"self":[{"href":"https:\/\/lindy.com\/it\/wp-json\/wp\/v2\/pages\/799","targetHints":{"allow":["GET"]}}],"collection":[{"href":"https:\/\/lindy.com\/it\/wp-json\/wp\/v2\/pages"}],"about":[{"href":"https:\/\/lindy.com\/it\/wp-json\/wp\/v2\/types\/page"}],"author":[{"embeddable":true,"href":"https:\/\/lindy.com\/it\/wp-json\/wp\/v2\/users\/11"}],"replies":[{"embeddable":true,"href":"https:\/\/lindy.com\/it\/wp-json\/wp\/v2\/comments?post=799"}],"version-history":[{"count":0,"href":"https:\/\/lindy.com\/it\/wp-json\/wp\/v2\/pages\/799\/revisions"}],"wp:attachment":[{"href":"https:\/\/lindy.com\/it\/wp-json\/wp\/v2\/media?parent=799"}],"curies":[{"name":"wp","href":"https:\/\/api.w.org\/{rel}","templated":true}]}}