{"id":800,"date":"2020-01-16T11:54:51","date_gmt":"2020-01-16T11:54:51","guid":{"rendered":"https:\/\/lindy.com\/it\/?page_id=800"},"modified":"2020-02-17T15:39:19","modified_gmt":"2020-02-17T15:39:19","slug":"domotica-e-casa-intelligente","status":"publish","type":"page","link":"https:\/\/lindy.com\/it\/domotica-e-casa-intelligente\/","title":{"rendered":"Domotica e casa intelligente"},"content":{"rendered":"\n<section class=\"wp-block-lindy-parallax-hero section parallax-hero theme--light align--center  font--size-large\" style=\"background-image:url(https:\/\/lindy.com\/de\/wp-content\/uploads\/sites\/3\/2019\/12\/Connected-home-layer.jpg)\"><div class=\"contained contained--full-width\"><div class=\"parallax-hero__content\"><div class=\"parallax-hero__content-wrapper align--center\"><h2 class=\"section__heading\"><span>APPLICAZIONI PER<\/span><\/h2><h2 class=\"section__subheading section__subheading__title\"> Domotica e <br\/>casa intelligente <\/h2><\/div><\/div><\/div><\/section>\n\n\n\n<section class=\"wp-block-lindy-parallax-hero section parallax-hero theme--light align--left  font--size-medium\" style=\"background-image:url(https:\/\/lindy.com\/de\/wp-content\/uploads\/sites\/3\/2019\/12\/Connected-home.jpg)\"><div class=\"contained contained--full-width\"><div class=\"parallax-hero__content\"><div class=\"parallax-hero__content-wrapper align--left\"><\/div><\/div><\/div><\/section>\n\n\n\n<section class=\"wp-block-lindy-parallax-hero section parallax-hero theme--light align--center font--camber font--size-medium\" style=\"background-image:url(https:\/\/lindy.com\/de\/wp-content\/uploads\/sites\/3\/2019\/12\/Connected-home-layer.jpg)\"><div class=\"contained contained--full-width\"><div class=\"parallax-hero__content\"><div class=\"parallax-hero__content-wrapper align--center\"><h2 class=\"section__heading\"><span> La casa digitale <\/span><\/h2><h2 class=\"section__subheading section__subheading__title\"> La distribuzione AV nelle <br\/>strutture residenziali<\/h2><p class=\"section__paragraph\"><br\/>Con la continua evoluzione del concetto di Smart City, la casa in rete, la Smart Home e la relativa tecnologia stanno diventando sempre pi\u00f9 uno standard diffuso fra gli edifici residenziali. Non si tratta soltanto di controllare e comandare luci, tapparelle, finestre e porte, ma anche di monitorare questi processi su display distribuiti in tutta la casa, nonch\u00e9 l&#8217;instradamento, il controllo e la distribuzione del necessario contenuto AV ad alta risoluzione. I display multipli distribuiti nelle diverse stanze e alimentati da una moltitudine di sorgenti diverse, rendono necessaria una centrale di comando AV per garantire all&#8217;utente un controllo efficace e senza interruzioni.<\/p><\/div><\/div><\/div><\/section>\n\n\n\n<section class=\"wp-block-lindy-heading-text section section--heading-text theme--dark align--center  font--size-medium section--animation-none\"><div class=\"contained\"><h2 class=\"section__heading\"><span><br\/>Centrale di comando AV<\/span><\/h2><h2 class=\"section__subheading section__subheading__title\">Struttura modulare<\/h2><\/div><\/section>\n\n\n\n<section class=\"wp-block-lindy-image-text-module section section--full-width-image full-width-image--with-text theme--light section--animation-none align--left  font--size-medium\" style=\"background-image:url(https:\/\/lindy.com\/de\/wp-content\/uploads\/sites\/3\/2019\/12\/38350_Front.jpg)\"><img decoding=\"async\" class=\"full-width-image__image\" src=\"https:\/\/lindy.com\/de\/wp-content\/uploads\/sites\/3\/2019\/12\/38350_Front.jpg\"\/><div class=\"contained\"><div class=\"full-width-image__content\"><\/div><\/div><\/section>\n\n\n\n<section class=\"wp-block-lindy-paragraph-one-col section section--horizontal-content section--horizontal-content--one-column font--size-small theme--dark align--center  section--animation-none\"><div class=\"contained\"><p class=\"section__paragraph\">Questa soluzione utilizza la matrice modulare senza interruzione di segnale (seamless) a 12 slot come unit\u00e0 centrale di commutazione e gestione per tutti i contenuti AV fino a 4k 60Hz e per i singoli trasmettitori e ricevitori HDBaseT. Lo switch matrice pu\u00f2 avere fino a 12 diverse schede di ingresso e uscita.<br\/><br\/>Questo scenario \u00e8 dotato di un ingresso HDBaseT e 2 ingressi HDMI, 4 uscite HDBaseT e un&#8217;uscita HDMI locale. Grazie all&#8217;impiego delle schede HDBaseT, non sar\u00e0 pi\u00f9 necessario posare costosi cavi AV estremamente lunghi in tutta la casa, ma sar\u00e0 possibile utilizzare invece dei pi\u00f9 convenienti cavi Cat. In loco si applicano poi dei ricevitori e\/o trasmettitori HDBaseT separati per decodificare o codificare il flusso HDBaseT.<br\/><br\/>I dati audio possono essere incorporati nel flusso di dati HDMI o HDBaseT oppure essere inviati, ad esempio tramite l&#8217;uscita S\/PDIF, separatamente al sistema home theatre.  Il sistema viene configurato e gestito via Ethernet e WebGUI dai computer presenti sulla rete domestica. <\/p><\/div><\/section>\n\n\n\n<section class=\"wp-block-lindy-heading-text section section--heading-text theme--dark align--center font--camber font--size-medium section--animation-none\"><div class=\"contained\"><h2 class=\"section__heading\"><span>SCENARIO SMART HOME<\/span><\/h2><h2 class=\"section__subheading section__subheading__title\">CON DISPLAY DISTRIBUITI<\/h2><\/div><\/section>\n\n\n\n<section class=\"wp-block-lindy-zoom-image section section--zoom-image zoom-image align--center theme--dark\"><div class=\"contained\"><div class=\"zoom-image-wrapper\"><img decoding=\"async\" class=\"zoomable\" src=\"https:\/\/lindy.com\/it\/wp-content\/uploads\/sites\/5\/2020\/01\/38350_zoom-scaled.jpg\" data-zoom-img=\"https:\/\/lindy.com\/it\/wp-content\/uploads\/sites\/5\/2020\/01\/38350_zoom-scaled.jpg\"\/><\/div><span class=\"zoom-image__description\">Click to zoom<\/span><\/div><\/section>\n\n\n\n<section class=\"wp-block-lindy-heading-text section section--heading-text theme--light align--center  font--size-medium section--animation-none\"><div class=\"contained\"><h2 class=\"section__heading\"><span><br\/> Matrice modulare seamless a 12 slot <\/span><\/h2><h2 class=\"section__subheading section__subheading__title\">PER HDMI E HDBASET<\/h2><\/div><\/section>\n\n\n\n<section class=\"wp-block-lindy-paragraph-one-col section section--horizontal-content section--horizontal-content--one-column font--size-small theme--light align--center  section--animation-none\"><div class=\"contained\"><p class=\"section__paragraph\">Lo switch matrice modulare pu\u00f2 essere adattato in modo flessibile ai requisiti dell&#8217;uso previsto, dotandolo individualmente di fino a 12 schede di ingresso o di uscita HDMI o HDBaseT.  Da un ingresso e undici uscite fino a undici ingressi e un&#8217;uscita: \u00e8 possibile realizzare tutte le combinazioni immaginabili.  <br\/><br\/><\/p><\/div><\/section>\n\n\n\n<section class=\"wp-block-lindy-image-text-module section section--full-width-image full-width-image--with-text theme--light section--animation-none align--left  font--size-medium\" style=\"background-image:url(https:\/\/lindy.com\/de\/wp-content\/uploads\/sites\/3\/2019\/12\/38350_front-and-back-1.jpg)\"><img decoding=\"async\" class=\"full-width-image__image\" src=\"https:\/\/lindy.com\/de\/wp-content\/uploads\/sites\/3\/2019\/12\/38350_front-and-back-1.jpg\"\/><div class=\"contained\"><div class=\"full-width-image__content\"><\/div><\/div><\/section>\n\n\n\n<section class=\"wp-block-lindy-image-text-module section section--full-width-image full-width-image--with-text theme--light section--animation-none align--left  font--size-medium width--half\" style=\"background-image:url(https:\/\/lindy.com\/de\/wp-content\/uploads\/sites\/3\/2019\/12\/38350_boards-detail.jpg)\"><img decoding=\"async\" class=\"full-width-image__image\" src=\"https:\/\/lindy.com\/de\/wp-content\/uploads\/sites\/3\/2019\/12\/38350_boards-detail.jpg\"\/><div class=\"contained\"><div class=\"full-width-image__content\"><\/div><\/div><\/section>\n\n\n\n<section class=\"wp-block-lindy-image-text-module section section--full-width-image full-width-image--with-text theme--light section--animation-none align--left  font--size-medium width--half\" style=\"background-image:url()\"><img decoding=\"async\" class=\"full-width-image__image\" src=\"\"\/><div class=\"contained\"><div class=\"full-width-image__content\"><p class=\"section__paragraph\">Le schede HDMI supportano risoluzioni a 18G fino a 4096&#215;2160@60Hz 4:4:4 8Bit, le schede HDBaseT secondo le specifiche HDBaseT supportano risoluzioni a 10.2G fino a 4096&#215;2160@60Hz 4:2:0 8Bit o 4096&#215;2160@30Hz 4:4:4 8Bit. Se si utilizzano per le trasmissioni HDBaseT i cavi almeno Cat. 6A, \u00e8 possibile coprire una distanza fino a 100 m; se si utilizzano cavi Cat. 5e o Cat. 6 le distanze arrivano a 70 m. Per l&#8217;invio dei segnali audio agli ingressi esistono due alternative: l&#8217;utilizzo standard del flusso HDMI \/HDBaseT oppure l&#8217;invio come segnali audio separati, che vengono poi integrati nel flusso di dati AV interno della scheda di ingresso. Analogamente, possono essere inviati alle uscite fino al PCM 2.0 nuovamente disaccoppiati oppure integrati al display o al ricevitore HDBaseT. Lo switch supporta HDCP 2.2.2 per il trasferimento dei contenuti protetti da copia. Tutte le porte HDBaseT supportano il PoH, e possono quindi alimentare i trasmettitori o ricevitori HDBaseT abilitati al PoH tramite il cavo Cat. di collegamento.<\/p><a href=\"https:\/\/www.lindy.it\/Chassis-Matrice-Modulare-Seamless-12-Slot.htm?websale8=ld0101.ld040104&amp;pi=38350&amp;ci=20\" class=\"button button--dark\" target=\"_blank\" rel=\"noopener noreferrer\">Scopri di piu&#8217;<\/a><\/div><\/div><\/section>\n\n\n\n<section class=\"wp-block-lindy-heading-text section section--heading-text theme--dark align--center  font--size-medium section--animation-none\"><div class=\"contained\"><h2 class=\"section__heading\"><span><br\/>Extender HDBaseT 18G<\/span><\/h2><h2 class=\"section__subheading section__subheading__title\">DISTANZE FINO A 70M<\/h2><\/div><\/section>\n\n\n\n<section class=\"wp-block-lindy-image-text-module section section--full-width-image full-width-image--with-text theme--dark section--animation-none align--left  font--size-medium width--half\" style=\"background-image:url(https:\/\/lindy.com\/de\/wp-content\/uploads\/sites\/3\/2020\/01\/38213_HW_new.jpg)\"><img decoding=\"async\" class=\"full-width-image__image\" src=\"https:\/\/lindy.com\/de\/wp-content\/uploads\/sites\/3\/2020\/01\/38213_HW_new.jpg\"\/><div class=\"contained\"><div class=\"full-width-image__content\"><\/div><\/div><\/section>\n\n\n\n<section class=\"wp-block-lindy-image-text-module section section--full-width-image full-width-image--with-text theme--dark section--animation-none align--left  font--size-medium width--half\" style=\"background-image:url()\"><img decoding=\"async\" class=\"full-width-image__image\" src=\"\"\/><div class=\"contained\"><div class=\"full-width-image__content\"><p class=\"section__paragraph\">Il sistema di extender HDBaseT abilitato a 18G (n. Lindy. 38213 e 38214) supporta risoluzioni fino a 3840&#215;2160@60Hz 4:4:4 8Bit o fino a 4:2:2 10\/12Bit con supporto HDR fino ad una distanza di 40 m o 1920&#215;1080@60Hz 4:4:4 8Bit oltre i 70 m. \u00c8 dotato di due ricevitori e due emettitori IR ciascuno per il controllo CEC bidirezionale tramite segnale IR.  I trasmettitori e ricevitori possono essere alimentati tramite PoH. In questo modo un solo dispositivo dell&#8217;impianto deve essere alimentato da un alimentatore, mentre l&#8217;altro riceve la sua tensione di alimentazione grazie al cavo Cat.   <\/p><a href=\"https:\/\/www.lindy.it\/?websale8=ld0101.ld040104&amp;ci=261\" class=\"button button--white-transparent\" target=\"_blank\" rel=\"noopener noreferrer\">Scopri di piu&#8217;<\/a><\/div><\/div><\/section>\n","protected":false},"excerpt":{"rendered":"","protected":false},"author":11,"featured_media":0,"parent":0,"menu_order":0,"comment_status":"closed","ping_status":"closed","template":"page-templates\/template-landing.php","meta":{"_acf_changed":false,"footnotes":""},"class_list":["post-800","page","type-page","status-publish","hentry"],"acf":[],"yoast_head":"<!-- This site is optimized with the Yoast SEO plugin v26.6 - https:\/\/yoast.com\/wordpress\/plugins\/seo\/ -->\n<title>Domotica e casa intelligente - La Distribuzione AV nelle Strutture Residenziali<\/title>\n<meta name=\"description\" content=\"Con la continua evoluzione del concetto di Smart City, la casa in rete, la Smart Home e la relativa tecnologia stanno diventando sempre pi\u00f9 uno standard diffuso fra gli edifici residenziali.\" \/>\n<meta name=\"robots\" content=\"index, follow, max-snippet:-1, max-image-preview:large, max-video-preview:-1\" \/>\n<link rel=\"canonical\" href=\"https:\/\/lindy.com\/it\/domotica-e-casa-intelligente\/\" \/>\n<meta property=\"og:locale\" content=\"it_IT\" \/>\n<meta property=\"og:type\" content=\"article\" \/>\n<meta property=\"og:title\" content=\"Domotica e casa intelligente - La Distribuzione AV nelle Strutture Residenziali\" \/>\n<meta property=\"og:description\" content=\"Con la continua evoluzione del concetto di Smart City, la casa in rete, la Smart Home e la relativa tecnologia stanno diventando sempre pi\u00f9 uno standard diffuso fra gli edifici residenziali.\" \/>\n<meta property=\"og:url\" content=\"https:\/\/lindy.com\/it\/domotica-e-casa-intelligente\/\" \/>\n<meta property=\"og:site_name\" content=\"Lindy - Italian\" \/>\n<meta property=\"article:modified_time\" content=\"2020-02-17T15:39:19+00:00\" \/>\n<meta property=\"og:image\" content=\"https:\/\/lindy.com\/de\/wp-content\/uploads\/sites\/3\/2019\/12\/38350_Front.jpg\" \/>\n<meta name=\"twitter:card\" content=\"summary_large_image\" \/>\n<meta name=\"twitter:label1\" content=\"Tempo di lettura stimato\" \/>\n\t<meta name=\"twitter:data1\" content=\"3 minuti\" \/>\n<script type=\"application\/ld+json\" class=\"yoast-schema-graph\">{\"@context\":\"https:\/\/schema.org\",\"@graph\":[{\"@type\":\"WebPage\",\"@id\":\"https:\/\/lindy.com\/it\/domotica-e-casa-intelligente\/\",\"url\":\"https:\/\/lindy.com\/it\/domotica-e-casa-intelligente\/\",\"name\":\"Domotica e casa intelligente - La Distribuzione AV nelle Strutture Residenziali\",\"isPartOf\":{\"@id\":\"https:\/\/lindy.com\/it\/#website\"},\"primaryImageOfPage\":{\"@id\":\"https:\/\/lindy.com\/it\/domotica-e-casa-intelligente\/#primaryimage\"},\"image\":{\"@id\":\"https:\/\/lindy.com\/it\/domotica-e-casa-intelligente\/#primaryimage\"},\"thumbnailUrl\":\"https:\/\/lindy.com\/de\/wp-content\/uploads\/sites\/3\/2019\/12\/38350_Front.jpg\",\"datePublished\":\"2020-01-16T11:54:51+00:00\",\"dateModified\":\"2020-02-17T15:39:19+00:00\",\"description\":\"Con la continua evoluzione del concetto di Smart City, la casa in rete, la Smart Home e la relativa tecnologia stanno diventando sempre pi\u00f9 uno standard diffuso fra gli edifici residenziali.\",\"breadcrumb\":{\"@id\":\"https:\/\/lindy.com\/it\/domotica-e-casa-intelligente\/#breadcrumb\"},\"inLanguage\":\"it-IT\",\"potentialAction\":[{\"@type\":\"ReadAction\",\"target\":[\"https:\/\/lindy.com\/it\/domotica-e-casa-intelligente\/\"]}]},{\"@type\":\"ImageObject\",\"inLanguage\":\"it-IT\",\"@id\":\"https:\/\/lindy.com\/it\/domotica-e-casa-intelligente\/#primaryimage\",\"url\":\"https:\/\/lindy.com\/de\/wp-content\/uploads\/sites\/3\/2019\/12\/38350_Front.jpg\",\"contentUrl\":\"https:\/\/lindy.com\/de\/wp-content\/uploads\/sites\/3\/2019\/12\/38350_Front.jpg\"},{\"@type\":\"BreadcrumbList\",\"@id\":\"https:\/\/lindy.com\/it\/domotica-e-casa-intelligente\/#breadcrumb\",\"itemListElement\":[{\"@type\":\"ListItem\",\"position\":1,\"name\":\"Home\",\"item\":\"https:\/\/lindy.com\/it\/\"},{\"@type\":\"ListItem\",\"position\":2,\"name\":\"Domotica e casa intelligente\"}]},{\"@type\":\"WebSite\",\"@id\":\"https:\/\/lindy.com\/it\/#website\",\"url\":\"https:\/\/lindy.com\/it\/\",\"name\":\"Lindy - Italian\",\"description\":\"Connection Perfection\",\"potentialAction\":[{\"@type\":\"SearchAction\",\"target\":{\"@type\":\"EntryPoint\",\"urlTemplate\":\"https:\/\/lindy.com\/it\/?s={search_term_string}\"},\"query-input\":{\"@type\":\"PropertyValueSpecification\",\"valueRequired\":true,\"valueName\":\"search_term_string\"}}],\"inLanguage\":\"it-IT\"}]}<\/script>\n<!-- \/ Yoast SEO plugin. -->","yoast_head_json":{"title":"Domotica e casa intelligente - La Distribuzione AV nelle Strutture Residenziali","description":"Con la continua evoluzione del concetto di Smart City, la casa in rete, la Smart Home e la relativa tecnologia stanno diventando sempre pi\u00f9 uno standard diffuso fra gli edifici residenziali.","robots":{"index":"index","follow":"follow","max-snippet":"max-snippet:-1","max-image-preview":"max-image-preview:large","max-video-preview":"max-video-preview:-1"},"canonical":"https:\/\/lindy.com\/it\/domotica-e-casa-intelligente\/","og_locale":"it_IT","og_type":"article","og_title":"Domotica e casa intelligente - La Distribuzione AV nelle Strutture Residenziali","og_description":"Con la continua evoluzione del concetto di Smart City, la casa in rete, la Smart Home e la relativa tecnologia stanno diventando sempre pi\u00f9 uno standard diffuso fra gli edifici residenziali.","og_url":"https:\/\/lindy.com\/it\/domotica-e-casa-intelligente\/","og_site_name":"Lindy - Italian","article_modified_time":"2020-02-17T15:39:19+00:00","og_image":[{"url":"https:\/\/lindy.com\/de\/wp-content\/uploads\/sites\/3\/2019\/12\/38350_Front.jpg","type":"","width":"","height":""}],"twitter_card":"summary_large_image","twitter_misc":{"Tempo di lettura stimato":"3 minuti"},"schema":{"@context":"https:\/\/schema.org","@graph":[{"@type":"WebPage","@id":"https:\/\/lindy.com\/it\/domotica-e-casa-intelligente\/","url":"https:\/\/lindy.com\/it\/domotica-e-casa-intelligente\/","name":"Domotica e casa intelligente - La Distribuzione AV nelle Strutture Residenziali","isPartOf":{"@id":"https:\/\/lindy.com\/it\/#website"},"primaryImageOfPage":{"@id":"https:\/\/lindy.com\/it\/domotica-e-casa-intelligente\/#primaryimage"},"image":{"@id":"https:\/\/lindy.com\/it\/domotica-e-casa-intelligente\/#primaryimage"},"thumbnailUrl":"https:\/\/lindy.com\/de\/wp-content\/uploads\/sites\/3\/2019\/12\/38350_Front.jpg","datePublished":"2020-01-16T11:54:51+00:00","dateModified":"2020-02-17T15:39:19+00:00","description":"Con la continua evoluzione del concetto di Smart City, la casa in rete, la Smart Home e la relativa tecnologia stanno diventando sempre pi\u00f9 uno standard diffuso fra gli edifici residenziali.","breadcrumb":{"@id":"https:\/\/lindy.com\/it\/domotica-e-casa-intelligente\/#breadcrumb"},"inLanguage":"it-IT","potentialAction":[{"@type":"ReadAction","target":["https:\/\/lindy.com\/it\/domotica-e-casa-intelligente\/"]}]},{"@type":"ImageObject","inLanguage":"it-IT","@id":"https:\/\/lindy.com\/it\/domotica-e-casa-intelligente\/#primaryimage","url":"https:\/\/lindy.com\/de\/wp-content\/uploads\/sites\/3\/2019\/12\/38350_Front.jpg","contentUrl":"https:\/\/lindy.com\/de\/wp-content\/uploads\/sites\/3\/2019\/12\/38350_Front.jpg"},{"@type":"BreadcrumbList","@id":"https:\/\/lindy.com\/it\/domotica-e-casa-intelligente\/#breadcrumb","itemListElement":[{"@type":"ListItem","position":1,"name":"Home","item":"https:\/\/lindy.com\/it\/"},{"@type":"ListItem","position":2,"name":"Domotica e casa intelligente"}]},{"@type":"WebSite","@id":"https:\/\/lindy.com\/it\/#website","url":"https:\/\/lindy.com\/it\/","name":"Lindy - Italian","description":"Connection Perfection","potentialAction":[{"@type":"SearchAction","target":{"@type":"EntryPoint","urlTemplate":"https:\/\/lindy.com\/it\/?s={search_term_string}"},"query-input":{"@type":"PropertyValueSpecification","valueRequired":true,"valueName":"search_term_string"}}],"inLanguage":"it-IT"}]}},"_links":{"self":[{"href":"https:\/\/lindy.com\/it\/wp-json\/wp\/v2\/pages\/800","targetHints":{"allow":["GET"]}}],"collection":[{"href":"https:\/\/lindy.com\/it\/wp-json\/wp\/v2\/pages"}],"about":[{"href":"https:\/\/lindy.com\/it\/wp-json\/wp\/v2\/types\/page"}],"author":[{"embeddable":true,"href":"https:\/\/lindy.com\/it\/wp-json\/wp\/v2\/users\/11"}],"replies":[{"embeddable":true,"href":"https:\/\/lindy.com\/it\/wp-json\/wp\/v2\/comments?post=800"}],"version-history":[{"count":0,"href":"https:\/\/lindy.com\/it\/wp-json\/wp\/v2\/pages\/800\/revisions"}],"wp:attachment":[{"href":"https:\/\/lindy.com\/it\/wp-json\/wp\/v2\/media?parent=800"}],"curies":[{"name":"wp","href":"https:\/\/api.w.org\/{rel}","templated":true}]}}