{"id":801,"date":"2020-01-16T12:56:55","date_gmt":"2020-01-16T12:56:55","guid":{"rendered":"https:\/\/lindy.com\/it\/?page_id=801"},"modified":"2020-02-17T15:52:45","modified_gmt":"2020-02-17T15:52:45","slug":"eventi-applicazioni-av","status":"publish","type":"page","link":"https:\/\/lindy.com\/it\/eventi-applicazioni-av\/","title":{"rendered":"Eventi Applicazioni AV"},"content":{"rendered":"\n<section class=\"wp-block-lindy-parallax-hero section parallax-hero theme--light align--center  font--size-large\" style=\"background-image:url(https:\/\/lindy.com\/de\/wp-content\/uploads\/sites\/3\/2019\/12\/Presentation-layer.jpg)\"><div class=\"contained contained--full-width\"><div class=\"parallax-hero__content\"><div class=\"parallax-hero__content-wrapper align--center\"><h2 class=\"section__heading\"><span>Applicazioni AV <\/span><\/h2><h2 class=\"section__subheading section__subheading__title\"> per Eventi<\/h2><\/div><\/div><\/div><\/section>\n\n\n\n<section class=\"wp-block-lindy-parallax-hero section parallax-hero theme--light align--left  font--size-medium\" style=\"background-image:url(https:\/\/lindy.com\/de\/wp-content\/uploads\/sites\/3\/2019\/12\/Presentation.jpg)\"><div class=\"contained contained--full-width\"><div class=\"parallax-hero__content\"><div class=\"parallax-hero__content-wrapper align--left\"><\/div><\/div><\/div><\/section>\n\n\n\n<section class=\"wp-block-lindy-parallax-hero section parallax-hero theme--light align--center font--camber font--size-medium\" style=\"background-image:url(https:\/\/lindy.com\/de\/wp-content\/uploads\/sites\/3\/2019\/12\/Presentation-layer.jpg)\"><div class=\"contained contained--full-width\"><div class=\"parallax-hero__content\"><div class=\"parallax-hero__content-wrapper align--center\"><h2 class=\"section__heading\"><span>Informazioni al volo<\/span><\/h2><h2 class=\"section__subheading section__subheading__title\">Rapido e senza soluzione <br\/>di continuit\u00e0<\/h2><p class=\"section__paragraph\"><br\/>Negli spazi pubblici le informazioni importanti, per esempio la presentazione di nuovi prodotti, gli eventi sportivi o le ultime notizie, devono essere disponibili in una moltitudine di hotspot diversi in formati AV ad alta risoluzione e con una qualit\u00e0 cristallina. Il tutto nel momento giusto, per garantire sempre la massima attenzione e comprensione verso gli argomenti trattati. Per fare questo, i contenuti devono poter essere commutati rapidamente e facilmente tra singoli display o anche tra singoli display e un Video Wall.<\/p><\/div><\/div><\/div><\/section>\n\n\n\n<section class=\"wp-block-lindy-heading-text section section--heading-text theme--dark align--center  font--size-medium section--animation-none\"><div class=\"contained\"><h2 class=\"section__heading\"><span><br\/>Video Wall e switch matrice in uno<\/span><\/h2><h2 class=\"section__subheading section__subheading__title\">Per definizione, flessibile<\/h2><\/div><\/section>\n\n\n\n<section class=\"wp-block-lindy-image-text-module section section--full-width-image full-width-image--with-text theme--light section--animation-none align--left  font--size-medium\" style=\"background-image:url(https:\/\/lindy.com\/de\/wp-content\/uploads\/sites\/3\/2020\/01\/38260_FW_new.jpg)\"><img decoding=\"async\" class=\"full-width-image__image\" src=\"https:\/\/lindy.com\/de\/wp-content\/uploads\/sites\/3\/2020\/01\/38260_FW_new.jpg\"\/><div class=\"contained\"><div class=\"full-width-image__content\"><\/div><\/div><\/section>\n\n\n\n<section class=\"wp-block-lindy-paragraph-one-col section section--horizontal-content section--horizontal-content--one-column font--size-small theme--dark align--center  section--animation-none\"><div class=\"contained\"><p class=\"section__paragraph\">La tecnologia alla base di questa soluzione prevede uno switch matrice 8&#215;8 centrale che pu\u00f2 commutare sui display il contenuto AV 18G ad alta risoluzione a partire dai dispositivi di riproduzione. I contenuti AV dei dispositivi di riproduzione possono essere visualizzati su singoli display o essere distribuiti su pi\u00f9 uscite per apparire su un Video Wall.<\/p><\/div><\/section>\n\n\n\n<section class=\"wp-block-lindy-heading-text section section--heading-text theme--dark align--center font--camber font--size-medium section--animation-none\"><div class=\"contained\"><h2 class=\"section__heading\"><span>SCENARIO DI PRESENTAZIONE<\/span><\/h2><h2 class=\"section__subheading section__subheading__title\">IN UN AMBIENTE DI VENDITA AL DETTAGLIO<\/h2><\/div><\/section>\n\n\n\n<section class=\"wp-block-lindy-zoom-image section section--zoom-image zoom-image align--center theme--dark\"><div class=\"contained\"><div class=\"zoom-image-wrapper\"><img decoding=\"async\" class=\"zoomable\" src=\"https:\/\/lindy.com\/de\/wp-content\/uploads\/sites\/3\/2020\/01\/38260_zoom.jpg\" data-zoom-img=\"https:\/\/lindy.com\/de\/wp-content\/uploads\/sites\/3\/2020\/01\/38260_zoom.jpg\"\/><\/div><span class=\"zoom-image__description\">Click to zoom<\/span><\/div><\/section>\n\n\n\n<section class=\"wp-block-lindy-paragraph-one-col section section--horizontal-content section--horizontal-content--one-column font--size-small theme--dark align--center  section--animation-none\"><div class=\"contained\"><p class=\"section__paragraph\">Se combinata ad un set di sistemi extender per superare le grandi distanze, questa soluzione consente di trasmettere gli stessi contenuti anche su schermi distribuiti in tutto l&#8217;edificio, ad esempio per scopi di Digital Signage, informazione o pubblicit\u00e0. Questo sistema pu\u00f2 coprire tutte le normali distanze di collegamento all&#8217;interno di un edificio partendo da un conveniente sistema Cat. da 50 m di alta qualit\u00e0, un cavo ibrido disponibile nelle lunghezze da 10 m a 100 m e un sistema extender a fibra ottica montato su cavo e con una portata massima di 300 m.<br\/><br\/> Questo scenario applicativo \u00e8 molto comune, ad esempio nel settore retail dove le immagini e le descrizioni dei prodotti devono essere inviate alternativamente su un Video Wall e sui display distribuiti in tutta l&#8217;area di vendita. Ritroviamo questa disposizione soprattutto nelle sale scommesse o nei bar sportivi, dato che consente di visualizzare gli eventi sportivi pi\u00f9 interessanti del momento sul Video Wall, mentre sui display distribuiti nel resto del locale vengono trasmessi gli eventi secondari. <\/p><\/div><\/section>\n\n\n\n<section class=\"wp-block-lindy-heading-text section section--heading-text theme--light align--center  font--size-medium section--animation-none\"><div class=\"contained\"><h2 class=\"section__heading\"><span><br\/>Matrice 8&#215;8 HDMI 18G <\/span><\/h2><h2 class=\"section__subheading section__subheading__title\">Con il Video Wall<\/h2><\/div><\/section>\n\n\n\n<section class=\"wp-block-lindy-image-text-module section section--full-width-image full-width-image--with-text theme--light section--animation-none align--left  font--size-medium width--half\" style=\"background-image:url()\"><img decoding=\"async\" class=\"full-width-image__image\" src=\"\"\/><div class=\"contained\"><div class=\"full-width-image__content\"><p class=\"section__paragraph\">Lo switch matrice 8&#215;8 seamless ad alte prestazioni per risoluzioni fino a 4K UHD (3840&#215;2160@60Hz) che pu\u00f2 vantare alcune caratteristiche aggiuntive ben oltre le comuni funzionalit\u00e0 di uno switch matrice. Sar\u00e0 cos\u00ec possibile collegare tra loro un numero a piacere di uscite selezionabili, che possono poi passare all&#8217;uscita di uno degli 8 segnali di ingresso come immagini parziali di un Video Wall con display n * m. Per n * m si intende qualsiasi combinazione con n + m inferiori o uguali a 8.<br\/> <br\/>Con le 8 uscite disponibili \u00e8 possibile definire fino a 2 Video Wall.\u00a0Ognuno degli 8 segnali di ingresso pu\u00f2 quindi essere abbinato a un Video Wall oppure &#8211; se non sono utilizzate tutte le 8 uscite per i Video Wall &#8211; ad una delle altre uscite. <\/p><\/div><\/div><\/section>\n\n\n\n<section class=\"wp-block-lindy-image-text-module section section--full-width-image full-width-image--with-text theme--light section--animation-none align--left  font--size-medium width--half\" style=\"background-image:url(https:\/\/lindy.com\/de\/wp-content\/uploads\/sites\/3\/2020\/01\/38260_2.jpg)\"><img decoding=\"async\" class=\"full-width-image__image\" src=\"https:\/\/lindy.com\/de\/wp-content\/uploads\/sites\/3\/2020\/01\/38260_2.jpg\"\/><div class=\"contained\"><div class=\"full-width-image__content\"><\/div><\/div><\/section>\n\n\n\n<section class=\"wp-block-lindy-image-text-module section section--full-width-image full-width-image--with-text theme--light section--animation-none align--left  font--size-medium width--half\" style=\"background-image:url(https:\/\/lindy.com\/de\/wp-content\/uploads\/sites\/3\/2020\/01\/38260_3_new.jpg)\"><img decoding=\"async\" class=\"full-width-image__image\" src=\"https:\/\/lindy.com\/de\/wp-content\/uploads\/sites\/3\/2020\/01\/38260_3_new.jpg\"\/><div class=\"contained\"><div class=\"full-width-image__content\"><\/div><\/div><\/section>\n\n\n\n<section class=\"wp-block-lindy-image-text-module section section--full-width-image full-width-image--with-text theme--light section--animation-none align--left  font--size-medium width--half\" style=\"background-image:url()\"><img decoding=\"async\" class=\"full-width-image__image\" src=\"\"\/><div class=\"contained\"><div class=\"full-width-image__content\"><p class=\"section__paragraph\">A seconda del tipo di schermo utilizzato, il software di configurazione pu\u00f2 definire la correzione Bezel necessaria. I segnali audio possono essere acquisiti o disaccoppiati separatamente, per ogni ingresso e uscita.  Ci\u00f2 implica sia che i segnali audio esterni possono essere integrati nel flusso di dati HDMI, sia che i dati audio integrati possono essere riprodotti su dispositivi audio esterni.<br\/><br\/>A scopo dimostrativo e di presentazione, qualsiasi ingresso pu\u00f2 essere inviato a qualsiasi uscita in un ordine a piacere, a tempo controllato e con time-out regolabile.<br\/> <br\/>Il sistema viene configurato e amministrato tramite una rete IP, utilizzando un software o una WebGUI che consente di definire tutte le impostazioni nel dettaglio. Una volta impostati, \u00e8 possibile salvare i routing come impostazioni predefinite, fino ad un numero di 8.  \u00c8 possibile effettuare le impostazioni fondamentali anche utilizzando i tasti frontali, rapidamente accessibili direttamente sul dispositivo.<\/p><a href=\"https:\/\/www.lindy.it\/Switch-Multi-AV-a-HDMI-2-0-18G-6-Porte.htm?websale8=ld0101.ld040104&amp;pi=38260\" class=\"button button--dark\" target=\"_blank\" rel=\"noopener noreferrer\">Scopridi piu&#8217;<\/a><\/div><\/div><\/section>\n\n\n\n<section class=\"wp-block-lindy-heading-text section section--heading-text theme--dark align--center  font--size-medium section--animation-none\"><div class=\"contained\"><h2 class=\"section__heading\"><span><br\/>Collegamento ottico<\/span><\/h2><h2 class=\"section__subheading section__subheading__title\">Semplicemente superlativo<\/h2><\/div><\/section>\n\n\n\n<section class=\"wp-block-lindy-image-text-module section section--full-width-image full-width-image--with-text theme--light section--animation-none align--left  font--size-medium width--half\" style=\"background-image:url(https:\/\/lindy.com\/de\/wp-content\/uploads\/sites\/3\/2020\/01\/38179_HW-1.jpg)\"><img decoding=\"async\" class=\"full-width-image__image\" src=\"https:\/\/lindy.com\/de\/wp-content\/uploads\/sites\/3\/2020\/01\/38179_HW-1.jpg\"\/><div class=\"contained\"><div class=\"full-width-image__content\"><\/div><\/div><\/section>\n\n\n\n<section class=\"wp-block-lindy-image-text-module section section--full-width-image full-width-image--with-text theme--dark section--animation-none align--left  font--size-medium width--half\" style=\"background-image:url()\"><img decoding=\"async\" class=\"full-width-image__image\" src=\"\"\/><div class=\"contained\"><div class=\"full-width-image__content\"><p class=\"section__paragraph\">L&#8217;extender HDMI 18G in fibra ottica utilizza un cavo multimodale standard in fibra ottica di classe OM3 con connettori LC duplex.  Il mezzo di trasmissione in fibra ottica con una distanza massima di trasmissione fino a 300 m, pu\u00f2 quindi essere scelto liberamente nella lunghezza richiesta.  L&#8217;extender trasmette segnali AV con una larghezza di banda di 18GBit\/s e, quindi, supporta risoluzioni 4K Ultra-HD 3840&#215;2160@60Hz 4:4:4 8Bit.  \u00c8 in grado di gestire senza problemi profondit\u00e0 di colore fino a 12 bit e pu\u00f2 gestire diversi formati HDR come HDR 10, Dolby Vision, HLG e vari formati audio multicanale come Dolby Atmos, True HD e 7.1 con una profondit\u00e0 di campionamento a 24 bit e una frequenza di campionamento di 192 kHz. I cavi di collegamento (fly leads) fissi montati sul lato HDMI del Rx e Tx garantiscono una maggiore affidabilit\u00e0 grazie all&#8217;uso parsimonioso dei collegamenti con connettore galvanico.<\/p><a href=\"https:\/\/www.lindy.it\/Extender-HDMI-18G-su-Fibra-Ottica-300m-.htm?websale8=ld0101.ld040104&amp;pi=38179&amp;ci=20\" class=\"button button--white-transparent\" target=\"_blank\" rel=\"noopener noreferrer\">Scopridi piu&#8217;<\/a><\/div><\/div><\/section>\n\n\n\n<section class=\"wp-block-lindy-heading-text section section--heading-text theme--light align--center  font--size-medium section--animation-none\"><div class=\"contained\"><h2 class=\"section__heading\"><span><br\/>Extender Cat. 6<\/span><\/h2><h2 class=\"section__subheading section__subheading__title\">Per HDMI 18G e IR<\/h2><\/div><\/section>\n\n\n\n<section class=\"wp-block-lindy-image-text-module section section--full-width-image full-width-image--with-text theme--light section--animation-none align--left  font--size-medium width--half\" style=\"background-image:url(https:\/\/lindy.com\/de\/wp-content\/uploads\/sites\/3\/2020\/01\/38205_HW.jpg)\"><img decoding=\"async\" class=\"full-width-image__image\" src=\"https:\/\/lindy.com\/de\/wp-content\/uploads\/sites\/3\/2020\/01\/38205_HW.jpg\"\/><div class=\"contained\"><div class=\"full-width-image__content\"><\/div><\/div><\/section>\n\n\n\n<section class=\"wp-block-lindy-image-text-module section section--full-width-image full-width-image--with-text theme--light section--animation-none align--left  font--size-medium width--half\" style=\"background-image:url()\"><img decoding=\"async\" class=\"full-width-image__image\" src=\"\"\/><div class=\"contained\"><div class=\"full-width-image__content\"><p class=\"section__paragraph\">L&#8217;extender HDMI 18G &amp; IR Cat. 6 trasmette i segnali AV HDMI con risoluzioni fino a 4k UHD (3840 x 2160@60Hz 4:4:4 8Bit) su distanze fino a 50 m. Come mezzo di trasmissione utilizza un normale cavo Cat. 6 a basso costo.  \u00c8 in grado di gestire i formati HDR come HLG, HDR10, HDR10+ e Dolby Vision , nonch\u00e9 diversi formati audio come Dolby Atmos, DTS-X, LPCM, Dolby Digital\/Plus\/EX, Dolby True HD e molti altri. Oltre ai segnali HDMI, anche i segnali di controllo IR vengono trasmessi dal ricevitore al trasmettitore, in modo da riuscire a controllare il dispositivo di riproduzione a partire dal display tramite il telecomando a infrarossi. Sul trasmettitore \u00e8 disponibile una porta HDMI loop-out per il monitoraggio, in modo da visualizzare il contenuto trasmesso anche direttamente in loco sul dispositivo sorgente.  Il ricevitore \u00e8 alimentato tramite PoC attraverso il cavo Cat. del trasmettitore: in questo modo, non \u00e8 necessaria un&#8217;alimentazione aggiuntiva lato display del ricevitore.<\/p><a href=\"https:\/\/www.lindy.it\/Extender-HDMI-18G-IR-Cat-6-con-PoC-Loop-Out-50m-.htm?websale8=ld0101.ld040104&amp;pi=38205&amp;ci=10\" class=\"button button--dark\" target=\"_blank\" rel=\"noopener noreferrer\">ACQUISTA ONLINE<\/a><\/div><\/div><\/section>\n\n\n\n<section class=\"wp-block-lindy-heading-text section section--heading-text theme--dark align--center  font--size-medium section--animation-none\"><div class=\"contained\"><h2 class=\"section__heading\"><span><br\/>Sulle lunghe distanze, con flessibilit\u00e0<\/span><\/h2><h2 class=\"section__subheading section__subheading__title\">Cavo ibrido 18G per HDMI e DVI<\/h2><\/div><\/section>\n\n\n\n<section class=\"wp-block-lindy-image-text-module section section--full-width-image full-width-image--with-text theme--dark section--animation-none align--left  font--size-medium width--half\" style=\"background-image:url()\"><img decoding=\"async\" class=\"full-width-image__image\" src=\"\"\/><div class=\"contained\"><div class=\"full-width-image__content\"><p class=\"section__paragraph\">Il cavo ibrido in fibra ottica micro HDMI, disponibile in lunghezze di 10, 20, 30, 40, 50, 70 e 100 m, utilizza la sofisticata tecnologia del cavo ibrido per trasportare internamente mediante la fibra ottica il segnale AV, che necessita di un&#8217;ampia larghezza di banda, mentre ricorre ai tradizionali fili di rame per i segnali di controllo meno &#8220;esigenti&#8221;. Il concetto modulare del cavo lo rende a tutti gli effetti idoneo ad una vasta gamma di applicazioni: i connettori veri e propri sono realizzati come micro HDMI. Con l&#8217;aiuto degli adattatori HDMI e DVI in dotazione, il cavo pu\u00f2 essere utilizzato come puro micro HDMI, come HDMI, come DVI o come cavo adattatore tra due delle interfacce menzionate.<br\/> <br\/>Grazie alla larghezza di banda di 18GBit\/s, il cavo trasmette con risoluzioni HDMI 2.0 fino a 3840&#215;2160@60Hz 4:4:4 8bit. Le risoluzioni DVI possono raggiungere i 1920&#215;1200. \u00c8 supportato HDCP 2.2 per la trasmissione dei contenuti protetti da copia. Il cavo \u00e8 alimentato completamente dall&#8217;interfaccia AV del dispositivo sorgente o di destinazione. Non \u00e8 necessario alcun alimentatore.<br\/><br\/><\/p><a href=\"https:\/\/www.lindy.it\/?websale8=ld0101.ld040104&amp;ci=259\" class=\"button button--white-transparent\" target=\"_blank\" rel=\"noopener noreferrer\">ACQUISTA ONLINE<\/a><\/div><\/div><\/section>\n\n\n\n<section class=\"wp-block-lindy-image-text-module section section--full-width-image full-width-image--with-text theme--light section--animation-none align--left  font--size-medium width--half\" style=\"background-image:url(https:\/\/lindy.com\/de\/wp-content\/uploads\/sites\/3\/2020\/01\/38320_HW-1.jpg)\"><img decoding=\"async\" class=\"full-width-image__image\" src=\"https:\/\/lindy.com\/de\/wp-content\/uploads\/sites\/3\/2020\/01\/38320_HW-1.jpg\"\/><div class=\"contained\"><div class=\"full-width-image__content\"><\/div><\/div><\/section>\n","protected":false},"excerpt":{"rendered":"","protected":false},"author":11,"featured_media":0,"parent":0,"menu_order":0,"comment_status":"closed","ping_status":"closed","template":"page-templates\/template-landing.php","meta":{"_acf_changed":false,"footnotes":""},"class_list":["post-801","page","type-page","status-publish","hentry"],"acf":[],"yoast_head":"<!-- This site is optimized with the Yoast SEO plugin v26.6 - https:\/\/yoast.com\/wordpress\/plugins\/seo\/ -->\n<title>Eventi Applicazioni AV - Informazioni al volo rapido e senza Soluzione di Continuit\u00e0<\/title>\n<meta name=\"description\" content=\"Negli spazi pubblici le informazioni importanti devono essere disponibili in una moltitudine di hotspot diversi in formati AV ad alta risoluzione e con una qualit\u00e0 cristallina.\" \/>\n<meta name=\"robots\" content=\"index, follow, max-snippet:-1, max-image-preview:large, max-video-preview:-1\" \/>\n<link rel=\"canonical\" href=\"https:\/\/lindy.com\/it\/eventi-applicazioni-av\/\" \/>\n<meta property=\"og:locale\" content=\"it_IT\" \/>\n<meta property=\"og:type\" content=\"article\" \/>\n<meta property=\"og:title\" content=\"Eventi Applicazioni AV - Informazioni al volo rapido e senza Soluzione di Continuit\u00e0\" \/>\n<meta property=\"og:description\" content=\"Negli spazi pubblici le informazioni importanti devono essere disponibili in una moltitudine di hotspot diversi in formati AV ad alta risoluzione e con una qualit\u00e0 cristallina.\" \/>\n<meta property=\"og:url\" content=\"https:\/\/lindy.com\/it\/eventi-applicazioni-av\/\" \/>\n<meta property=\"og:site_name\" content=\"Lindy - Italian\" \/>\n<meta property=\"article:modified_time\" content=\"2020-02-17T15:52:45+00:00\" \/>\n<meta property=\"og:image\" content=\"https:\/\/lindy.com\/de\/wp-content\/uploads\/sites\/3\/2020\/01\/38260_FW_new.jpg\" \/>\n<meta name=\"twitter:card\" content=\"summary_large_image\" \/>\n<meta name=\"twitter:label1\" content=\"Tempo di lettura stimato\" \/>\n\t<meta name=\"twitter:data1\" content=\"5 minuti\" \/>\n<script type=\"application\/ld+json\" class=\"yoast-schema-graph\">{\"@context\":\"https:\/\/schema.org\",\"@graph\":[{\"@type\":\"WebPage\",\"@id\":\"https:\/\/lindy.com\/it\/eventi-applicazioni-av\/\",\"url\":\"https:\/\/lindy.com\/it\/eventi-applicazioni-av\/\",\"name\":\"Eventi Applicazioni AV - Informazioni al volo rapido e senza Soluzione di Continuit\u00e0\",\"isPartOf\":{\"@id\":\"https:\/\/lindy.com\/it\/#website\"},\"primaryImageOfPage\":{\"@id\":\"https:\/\/lindy.com\/it\/eventi-applicazioni-av\/#primaryimage\"},\"image\":{\"@id\":\"https:\/\/lindy.com\/it\/eventi-applicazioni-av\/#primaryimage\"},\"thumbnailUrl\":\"https:\/\/lindy.com\/de\/wp-content\/uploads\/sites\/3\/2020\/01\/38260_FW_new.jpg\",\"datePublished\":\"2020-01-16T12:56:55+00:00\",\"dateModified\":\"2020-02-17T15:52:45+00:00\",\"description\":\"Negli spazi pubblici le informazioni importanti devono essere disponibili in una moltitudine di hotspot diversi in formati AV ad alta risoluzione e con una qualit\u00e0 cristallina.\",\"breadcrumb\":{\"@id\":\"https:\/\/lindy.com\/it\/eventi-applicazioni-av\/#breadcrumb\"},\"inLanguage\":\"it-IT\",\"potentialAction\":[{\"@type\":\"ReadAction\",\"target\":[\"https:\/\/lindy.com\/it\/eventi-applicazioni-av\/\"]}]},{\"@type\":\"ImageObject\",\"inLanguage\":\"it-IT\",\"@id\":\"https:\/\/lindy.com\/it\/eventi-applicazioni-av\/#primaryimage\",\"url\":\"https:\/\/lindy.com\/de\/wp-content\/uploads\/sites\/3\/2020\/01\/38260_FW_new.jpg\",\"contentUrl\":\"https:\/\/lindy.com\/de\/wp-content\/uploads\/sites\/3\/2020\/01\/38260_FW_new.jpg\"},{\"@type\":\"BreadcrumbList\",\"@id\":\"https:\/\/lindy.com\/it\/eventi-applicazioni-av\/#breadcrumb\",\"itemListElement\":[{\"@type\":\"ListItem\",\"position\":1,\"name\":\"Home\",\"item\":\"https:\/\/lindy.com\/it\/\"},{\"@type\":\"ListItem\",\"position\":2,\"name\":\"Eventi Applicazioni AV\"}]},{\"@type\":\"WebSite\",\"@id\":\"https:\/\/lindy.com\/it\/#website\",\"url\":\"https:\/\/lindy.com\/it\/\",\"name\":\"Lindy - Italian\",\"description\":\"Connection Perfection\",\"potentialAction\":[{\"@type\":\"SearchAction\",\"target\":{\"@type\":\"EntryPoint\",\"urlTemplate\":\"https:\/\/lindy.com\/it\/?s={search_term_string}\"},\"query-input\":{\"@type\":\"PropertyValueSpecification\",\"valueRequired\":true,\"valueName\":\"search_term_string\"}}],\"inLanguage\":\"it-IT\"}]}<\/script>\n<!-- \/ Yoast SEO plugin. -->","yoast_head_json":{"title":"Eventi Applicazioni AV - Informazioni al volo rapido e senza Soluzione di Continuit\u00e0","description":"Negli spazi pubblici le informazioni importanti devono essere disponibili in una moltitudine di hotspot diversi in formati AV ad alta risoluzione e con una qualit\u00e0 cristallina.","robots":{"index":"index","follow":"follow","max-snippet":"max-snippet:-1","max-image-preview":"max-image-preview:large","max-video-preview":"max-video-preview:-1"},"canonical":"https:\/\/lindy.com\/it\/eventi-applicazioni-av\/","og_locale":"it_IT","og_type":"article","og_title":"Eventi Applicazioni AV - Informazioni al volo rapido e senza Soluzione di Continuit\u00e0","og_description":"Negli spazi pubblici le informazioni importanti devono essere disponibili in una moltitudine di hotspot diversi in formati AV ad alta risoluzione e con una qualit\u00e0 cristallina.","og_url":"https:\/\/lindy.com\/it\/eventi-applicazioni-av\/","og_site_name":"Lindy - Italian","article_modified_time":"2020-02-17T15:52:45+00:00","og_image":[{"url":"https:\/\/lindy.com\/de\/wp-content\/uploads\/sites\/3\/2020\/01\/38260_FW_new.jpg","type":"","width":"","height":""}],"twitter_card":"summary_large_image","twitter_misc":{"Tempo di lettura stimato":"5 minuti"},"schema":{"@context":"https:\/\/schema.org","@graph":[{"@type":"WebPage","@id":"https:\/\/lindy.com\/it\/eventi-applicazioni-av\/","url":"https:\/\/lindy.com\/it\/eventi-applicazioni-av\/","name":"Eventi Applicazioni AV - Informazioni al volo rapido e senza Soluzione di Continuit\u00e0","isPartOf":{"@id":"https:\/\/lindy.com\/it\/#website"},"primaryImageOfPage":{"@id":"https:\/\/lindy.com\/it\/eventi-applicazioni-av\/#primaryimage"},"image":{"@id":"https:\/\/lindy.com\/it\/eventi-applicazioni-av\/#primaryimage"},"thumbnailUrl":"https:\/\/lindy.com\/de\/wp-content\/uploads\/sites\/3\/2020\/01\/38260_FW_new.jpg","datePublished":"2020-01-16T12:56:55+00:00","dateModified":"2020-02-17T15:52:45+00:00","description":"Negli spazi pubblici le informazioni importanti devono essere disponibili in una moltitudine di hotspot diversi in formati AV ad alta risoluzione e con una qualit\u00e0 cristallina.","breadcrumb":{"@id":"https:\/\/lindy.com\/it\/eventi-applicazioni-av\/#breadcrumb"},"inLanguage":"it-IT","potentialAction":[{"@type":"ReadAction","target":["https:\/\/lindy.com\/it\/eventi-applicazioni-av\/"]}]},{"@type":"ImageObject","inLanguage":"it-IT","@id":"https:\/\/lindy.com\/it\/eventi-applicazioni-av\/#primaryimage","url":"https:\/\/lindy.com\/de\/wp-content\/uploads\/sites\/3\/2020\/01\/38260_FW_new.jpg","contentUrl":"https:\/\/lindy.com\/de\/wp-content\/uploads\/sites\/3\/2020\/01\/38260_FW_new.jpg"},{"@type":"BreadcrumbList","@id":"https:\/\/lindy.com\/it\/eventi-applicazioni-av\/#breadcrumb","itemListElement":[{"@type":"ListItem","position":1,"name":"Home","item":"https:\/\/lindy.com\/it\/"},{"@type":"ListItem","position":2,"name":"Eventi Applicazioni AV"}]},{"@type":"WebSite","@id":"https:\/\/lindy.com\/it\/#website","url":"https:\/\/lindy.com\/it\/","name":"Lindy - Italian","description":"Connection Perfection","potentialAction":[{"@type":"SearchAction","target":{"@type":"EntryPoint","urlTemplate":"https:\/\/lindy.com\/it\/?s={search_term_string}"},"query-input":{"@type":"PropertyValueSpecification","valueRequired":true,"valueName":"search_term_string"}}],"inLanguage":"it-IT"}]}},"_links":{"self":[{"href":"https:\/\/lindy.com\/it\/wp-json\/wp\/v2\/pages\/801","targetHints":{"allow":["GET"]}}],"collection":[{"href":"https:\/\/lindy.com\/it\/wp-json\/wp\/v2\/pages"}],"about":[{"href":"https:\/\/lindy.com\/it\/wp-json\/wp\/v2\/types\/page"}],"author":[{"embeddable":true,"href":"https:\/\/lindy.com\/it\/wp-json\/wp\/v2\/users\/11"}],"replies":[{"embeddable":true,"href":"https:\/\/lindy.com\/it\/wp-json\/wp\/v2\/comments?post=801"}],"version-history":[{"count":0,"href":"https:\/\/lindy.com\/it\/wp-json\/wp\/v2\/pages\/801\/revisions"}],"wp:attachment":[{"href":"https:\/\/lindy.com\/it\/wp-json\/wp\/v2\/media?parent=801"}],"curies":[{"name":"wp","href":"https:\/\/api.w.org\/{rel}","templated":true}]}}