{"id":802,"date":"2020-01-16T13:27:36","date_gmt":"2020-01-16T13:27:36","guid":{"rendered":"https:\/\/lindy.com\/it\/?page_id=802"},"modified":"2020-02-18T08:54:50","modified_gmt":"2020-02-18T08:54:50","slug":"aule-di-formazione-e-training","status":"publish","type":"page","link":"https:\/\/lindy.com\/it\/aule-di-formazione-e-training\/","title":{"rendered":"Aule di Formazione e Training"},"content":{"rendered":"\n<section class=\"wp-block-lindy-parallax-hero section parallax-hero theme--light align--center  font--size-large\" style=\"background-image:url(https:\/\/lindy.com\/de\/wp-content\/uploads\/sites\/3\/2019\/12\/class-room_layer.jpg)\"><div class=\"contained contained--full-width\"><div class=\"parallax-hero__content\"><div class=\"parallax-hero__content-wrapper align--center\"><h2 class=\"section__heading\"><span>APPLICAZIONI PER  <\/span><\/h2><h2 class=\"section__subheading section__subheading__title\">AULE DI FORMAZIONE <br\/>E TRAINING  <\/h2><\/div><\/div><\/div><\/section>\n\n\n\n<section class=\"wp-block-lindy-parallax-hero section parallax-hero theme--light align--left  font--size-medium\" style=\"background-image:url(https:\/\/lindy.com\/de\/wp-content\/uploads\/sites\/3\/2019\/12\/class-room.jpg)\"><div class=\"contained contained--full-width\"><div class=\"parallax-hero__content\"><div class=\"parallax-hero__content-wrapper align--left\"><\/div><\/div><\/div><\/section>\n\n\n\n<section class=\"wp-block-lindy-parallax-hero section parallax-hero theme--light align--center font--camber font--size-medium\" style=\"background-image:url(https:\/\/lindy.com\/de\/wp-content\/uploads\/sites\/3\/2019\/12\/class-room_layer.jpg)\"><div class=\"contained contained--full-width\"><div class=\"parallax-hero__content\"><div class=\"parallax-hero__content-wrapper align--center\"><h2 class=\"section__heading\"><span>L&#8217;APPRENDIMENTO 2.0<\/span><\/h2><h2 class=\"section__subheading section__subheading__title\">IL FUTURO FA SCUOLA<\/h2><p class=\"section__paragraph\"><br\/>Nell&#8217;era dell&#8217;e-learning e dell&#8217;apprendimento 2.0, diventa sempre pi\u00f9 forte l&#8217;esigenza di ambienti di formazione interattivi dotati del supporto di mezzi AV multimediali. Le smartboard interattive con display ad alta risoluzione, touch screen e funzione di disegno sostituiscono le lavagne tradizionali, le lavagne bianche e i proiettori.<br\/><br\/>\u00c8 necessario avere la possibilit\u00e0 di estrarre i segnali audio dai contenuti AV o di riprodurre dagli altoparlanti delle aule gli interventi dei docenti e dei partecipanti registrate per mezzo dei microfoni. Il tutto deve essere gestito in maniera semplice e intuitiva, affinch\u00e9 le presentazioni siano incentrate sui contenuti e non su comandi complicati.  <\/p><\/div><\/div><\/div><\/section>\n\n\n\n<section class=\"wp-block-lindy-heading-text section section--heading-text theme--dark align--center  font--size-medium section--animation-none\"><div class=\"contained\"><h2 class=\"section__heading\"><span><br\/> SISTEMA EDUCATIVO MULTIFUNZIONALE<\/span><\/h2><h2 class=\"section__subheading section__subheading__title\">CONTROLLO AV E MOLTO ALTRO<\/h2><\/div><\/section>\n\n\n\n<section class=\"wp-block-lindy-full-width-image section section--full-width-image full-width-image theme--light align--left font--size-medium\" style=\"background-image:url(https:\/\/lindy.com\/de\/wp-content\/uploads\/sites\/3\/2020\/01\/38288_-Animation.gif)\"><img decoding=\"async\" class=\"full-width-image__image\" src=\"https:\/\/lindy.com\/de\/wp-content\/uploads\/sites\/3\/2020\/01\/38288_-Animation.gif\"\/><div class=\"contained\"><div class=\"full-width-image__content\"><\/div><\/div><\/section>\n\n\n\n<section class=\"wp-block-lindy-paragraph-one-col section section--horizontal-content section--horizontal-content--one-column font--size-small theme--dark align--center  section--animation-up\"><div class=\"contained\"><p class=\"section__paragraph\">Abbiamo quindi creato per voi una soluzione interattiva per le aule di formazione (v. sotto per la descrizione dei prodotti utilizzati) con cui poter trasmettere, a partire dalla cattedra del docente tramite un modulo trasmettitore integrabile (nel desktop o alla parete), due sorgenti AV commutabili a scelta, ad esempio il portatile del docente e un computer fisso presente nell&#8217;aula, direttamente al modulo ricevitore presente nell&#8217;area centrale della presentazione vicino alla smartboard tramite un sistema di estensione HDBaseT per mezzo di un cavo Cat.<br\/><br\/><\/p><\/div><\/section>\n\n\n\n<section class=\"wp-block-lindy-heading-text section section--heading-text theme--dark align--center font--camber font--size-medium section--animation-none\"><div class=\"contained\"><h2 class=\"section__heading\"><span>SCENARIO AULA SCOLASTICA<\/span><\/h2><h2 class=\"section__subheading section__subheading__title\">CON DUE SORGENTI AV<\/h2><\/div><\/section>\n\n\n\n<section class=\"wp-block-lindy-zoom-image section section--zoom-image zoom-image align--center theme--dark\"><div class=\"contained\"><div class=\"zoom-image-wrapper\"><img decoding=\"async\" class=\"zoomable\" src=\"https:\/\/lindy.com\/de\/wp-content\/uploads\/sites\/3\/2020\/01\/38288_zoom-2.jpg\" data-zoom-img=\"https:\/\/lindy.com\/de\/wp-content\/uploads\/sites\/3\/2020\/01\/38288_zoom-2.jpg\"\/><\/div><span class=\"zoom-image__description\">Click to zoom<\/span><\/div><\/section>\n\n\n\n<section class=\"wp-block-lindy-paragraph-one-col section section--horizontal-content section--horizontal-content--one-column font--size-small theme--dark align--center font--camber section--animation-up\"><div class=\"contained\"><p class=\"section__paragraph\">Il sistema permette di controllare non solo l&#8217;effettiva trasmissione dei contenuti AV tramite un quadro di comando (anch&#8217;esso integrabile), ma anche ulteriori parametri come il volume audio, l&#8217;illuminazione dell&#8217;aula e l&#8217;apertura e chiusura dello schermo per il proiettore.  Il segnale USB per la funzione touch screen della smartboard viene cos\u00ec trasmesso in modo costante al PC dell&#8217;aula di formazione. Il sistema sfrutta la funzione 5Play dello standard HDBaseT, che permette di trasmettere segnali USB e di altro tipo attraverso il cavo Cat assieme ai segnali AV.<br\/><br\/>L&#8217;interazione dei tre componenti (quadro di comando, trasmettitore e ricevitore) avviene tramite dati RS232. Utilizzando un converter multiporta USB Tipo-C con funzione splitter, \u00e8 possibile collegare al portatile del docente un secondo schermo, in modo che sul portatile sia disponibile una visualizzazione della presentazione specifica per il moderatore e sul secondo schermo appaia la presentazione vera e propria, conferendo cos\u00ec al docente la massima flessibilit\u00e0 durante il suo intervento.<\/p><\/div><\/section>\n\n\n\n<section class=\"wp-block-lindy-heading-text section section--heading-text theme--light align--center  font--size-medium section--animation-none\"><div class=\"contained\"><h2 class=\"section__heading\"><span><br\/><br\/>SISTEMA PER PRESENTAZIONI<\/span><\/h2><h2 class=\"section__subheading section__subheading__title\">CON CONCETTO OPERATIVO INTUITIVO<br\/><\/h2><p class=\"section__strapline\"><br\/><\/p><\/div><\/section>\n\n\n\n<section class=\"wp-block-lindy-image-text-module section section--full-width-image full-width-image--with-text theme--light section--animation-none align--left font--camber font--size-medium\" style=\"background-image:url(https:\/\/lindy.com\/de\/wp-content\/uploads\/sites\/3\/2019\/12\/38288_FW_collection-1.jpg)\"><img decoding=\"async\" class=\"full-width-image__image\" src=\"https:\/\/lindy.com\/de\/wp-content\/uploads\/sites\/3\/2019\/12\/38288_FW_collection-1.jpg\"\/><div class=\"contained\"><div class=\"full-width-image__content\"><\/div><\/div><\/section>\n\n\n\n<section class=\"wp-block-lindy-paragraph-one-col section section--horizontal-content section--horizontal-content--one-column font--size-small theme--light align--center  section--animation-up\"><div class=\"contained\"><p class=\"section__paragraph\">Il sistema per presentazioni HDBaseT (n. 38288) si presenta come una soluzione per aule di formazione con un&#8217;ampia gamma di funzioni. \u00c8 composto da tre componenti che comunicano tra loro tramite RS232, un pannello di connessione, un quadro di comando (entrambi possono essere montati alla parete o sulla scrivania) e un&#8217;unit\u00e0 ricevitore standalone. Quest&#8217;ultima costituisce il componente centrale, in quanto commuta tutti gli ingressi e le uscite alla relativa periferica, inviando quindi i contenuti AV ai display e i contenuti audio alle uscite di linea audio o direttamente agli altoparlanti passivi tramite l&#8217;amplificatore di potenza integrato.<br\/> <br\/>Il collegamento con smartboard touch screen avviene tramite display HDMI. L&#8217;unit\u00e0 ricevitore \u00e8 dotata di un ingresso USB per i dati della funzione touch screen. <br\/><br\/><br\/><\/p><\/div><\/section>\n\n\n\n<section class=\"wp-block-lindy-full-width-image section section--full-width-image full-width-image theme--light align--left font--size-medium width--half\" style=\"background-image:url(https:\/\/lindy.com\/de\/wp-content\/uploads\/sites\/3\/2019\/12\/38288_HW_back-closeup.jpg)\"><img decoding=\"async\" class=\"full-width-image__image\" src=\"https:\/\/lindy.com\/de\/wp-content\/uploads\/sites\/3\/2019\/12\/38288_HW_back-closeup.jpg\"\/><div class=\"contained\"><div class=\"full-width-image__content\"><\/div><\/div><\/section>\n\n\n\n<section class=\"wp-block-lindy-image-text-module section section--full-width-image full-width-image--with-text theme--light section--animation-up align--left font--camber font--size-medium width--half\" style=\"background-image:url()\"><img decoding=\"async\" class=\"full-width-image__image\" src=\"\"\/><div class=\"contained\"><div class=\"full-width-image__content\"><p class=\"section__paragraph\">Nel pannello di connessione sono presenti gli ingressi AV del sistema e uno switch che consentono la commutazione tra due sorgenti di ingresso HDMI o tra una sorgente HDMI e una sorgente VGA. In quest&#8217;ultimo caso, \u00e8 possibile gestire separatamente un segnale audio analogico, dato che di per s\u00e9 non pu\u00f2 essere trasmesso dai segnali audio VGA.<br\/> <br\/>Il collegamento fra il pannello di connessione e l&#8217;unit\u00e0 ricevitore viene stabilito tramite connessione HDBaseT per mezzo di un cavo Cat. Grazie al sistema 5Play implementato nella tecnologia HDBaseT, \u00e8 possibile trasmettere anche tutti i segnali di controllo RS232 e il canale di ritorno USB per la funzione touch screen della smartboard. <\/p><\/div><\/div><\/section>\n\n\n\n<section class=\"wp-block-lindy-image-text-module section section--full-width-image full-width-image--with-text theme--light section--animation-up align--left font--camber font--size-medium width--half\" style=\"background-image:url()\"><img decoding=\"async\" class=\"full-width-image__image\" src=\"\"\/><div class=\"contained\"><div class=\"full-width-image__content\"><p class=\"section__paragraph\">Anche il collegamento fra il pannello di connessione e il quadro di comando avviene attraverso un cavo Cat, ma in questo caso non si tratta di una connessione HDBaseT, bens\u00ec di una semplice connessione RS232. Infine, dal quadro di comando \u00e8 possibile regolare la sorgente di ingresso, il volume audio e l&#8217;accensione e lo spegnimento del display. L&#8217;unit\u00e0 ricevitore alimenta sia il pannello di connessione che il quadro di comando mediante cavi Cat. Il sistema pu\u00f2 essere configurato e amministrato facilmente tramite WebGUI. <\/p><a href=\"https:\/\/www.lindy.it\/Presentation-System-HDBaseT-con-Pannello-di-Controllo.htm?websale8=ld0101.ld040104&amp;pi=38288&amp;ci=20\" class=\"button button--dark\" target=\"_blank\" rel=\"noopener noreferrer\">Scopri di piu&#8217;<\/a><\/div><\/div><\/section>\n\n\n\n<section class=\"wp-block-lindy-image-text-module section section--full-width-image full-width-image--with-text theme--light section--animation-none align--left font--camber font--size-medium width--half\" style=\"background-image:url(https:\/\/lindy.com\/de\/wp-content\/uploads\/sites\/3\/2019\/12\/38288_in-use-Animation.gif)\"><img decoding=\"async\" class=\"full-width-image__image\" src=\"https:\/\/lindy.com\/de\/wp-content\/uploads\/sites\/3\/2019\/12\/38288_in-use-Animation.gif\"\/><div class=\"contained\"><div class=\"full-width-image__content\"><\/div><\/div><\/section>\n\n\n\n<section class=\"wp-block-lindy-heading-text section section--heading-text theme--dark align--center  font--size-medium section--animation-none\"><div class=\"contained\"><h2 class=\"section__heading\"><span><br\/>SPLITTER AV 18G  <\/span><\/h2><h2 class=\"section__subheading section__subheading__title\">Per contenuti AV 4K <\/h2><\/div><\/section>\n\n\n\n<section class=\"wp-block-lindy-image-text-module section section--full-width-image full-width-image--with-text theme--dark section--animation-none align--left font--camber font--size-medium width--half\" style=\"background-image:url(https:\/\/lindy.com\/de\/wp-content\/uploads\/sites\/3\/2020\/01\/38230_HW_front-close-up_new-1.jpg)\"><img decoding=\"async\" class=\"full-width-image__image\" src=\"https:\/\/lindy.com\/de\/wp-content\/uploads\/sites\/3\/2020\/01\/38230_HW_front-close-up_new-1.jpg\"\/><div class=\"contained\"><div class=\"full-width-image__content\"><\/div><\/div><\/section>\n\n\n\n<section class=\"wp-block-lindy-image-text-module section section--full-width-image full-width-image--with-text theme--dark section--animation-up align--left font--camber font--size-medium width--half\" style=\"background-image:url()\"><img decoding=\"async\" class=\"full-width-image__image\" src=\"\"\/><div class=\"contained\"><div class=\"full-width-image__content\"><h2 class=\"section__heading\"><span> <br\/><\/span><\/h2><p class=\"section__paragraph\"><br\/><br\/>Lo splitter Lindy 2 porte HDMI 2.0 18G con audio fornisce una soluzione multifunzione per la distribuzione simultanea di contenuti AV HDMI ad alta risoluzione su due display. Con una larghezza di banda di 18Gbps, trasmette facilmente risoluzioni UHD 4K fino a 4096&#215;2160@60Hz 4:4:4:4:4 8Bit e supporta l&#8217; HDCP 2.2 per la trasmissione di contenuti protetti da copyright.<\/p><\/div><\/div><\/section>\n\n\n\n<section class=\"wp-block-lindy-image-text-module section section--full-width-image full-width-image--with-text theme--dark section--animation-up align--left font--camber font--size-medium width--half\" style=\"background-image:url()\"><img decoding=\"async\" class=\"full-width-image__image\" src=\"\"\/><div class=\"contained\"><div class=\"full-width-image__content\"><p class=\"section__paragraph\">Il segnale audio integrato nel flusso dati in ingresso pu\u00f2 essere ritrasmesso tramite le uscite HDMI o estratto digitalmente tramite un&#8217;uscita ottica separata S\/PDIF fino a 7.1 canali o tramite una presa audio analogica come segnale LPCM a 2 canali &#8211; ad esempio per alimentare un sistema audio esterno, una sound bar o simili con esso per ottenere un&#8217;esperienza AV coinvolgente con audio multicanale. Inoltre, lo splitter contiene una funzione downscaler che consente di ridurre il segnale di ingresso 4K a 2 x Full HD, ad esempio, se nell&#8217;applicazione \u00e8 presente una scheda grafica 4K, ma non un display 4k.<\/p><a href=\"https:\/\/www.lindy.it\/Splitter-HDMI-2-0-18G-con-Audio-2-Porte.htm?websale8=ld0101.ld040104&amp;pi=38230&amp;ci=20\" class=\"button button--white-transparent\" target=\"_blank\" rel=\"noopener noreferrer\">ACQUISTA ONLINE<\/a><\/div><\/div><\/section>\n\n\n\n<section class=\"wp-block-lindy-image-text-module section section--full-width-image full-width-image--with-text theme--light section--animation-none align--left font--camber font--size-medium width--half\" style=\"background-image:url(https:\/\/lindy.com\/de\/wp-content\/uploads\/sites\/3\/2020\/01\/38230_HW_back-close-up_new.jpg)\"><img decoding=\"async\" class=\"full-width-image__image\" src=\"https:\/\/lindy.com\/de\/wp-content\/uploads\/sites\/3\/2020\/01\/38230_HW_back-close-up_new.jpg\"\/><div class=\"contained\"><div class=\"full-width-image__content\"><\/div><\/div><\/section>\n","protected":false},"excerpt":{"rendered":"","protected":false},"author":11,"featured_media":0,"parent":0,"menu_order":0,"comment_status":"closed","ping_status":"closed","template":"page-templates\/template-landing.php","meta":{"_acf_changed":false,"footnotes":""},"class_list":["post-802","page","type-page","status-publish","hentry"],"acf":[],"yoast_head":"<!-- This site is optimized with the Yoast SEO plugin v26.6 - https:\/\/yoast.com\/wordpress\/plugins\/seo\/ -->\n<title>Aule di Formazione e Training - L&#039;apprendimento 2.0: Il futuro fa scuola<\/title>\n<meta name=\"description\" content=\"Nell&#039;era dell&#039;e-learning e dell&#039;apprendimento 2.0, diventa sempre pi\u00f9 forte l&#039;esigenza di ambienti di formazione interattivi dotati del supporto di mezzi AV multimediali.\" \/>\n<meta name=\"robots\" content=\"index, follow, max-snippet:-1, max-image-preview:large, max-video-preview:-1\" \/>\n<link rel=\"canonical\" href=\"https:\/\/lindy.com\/it\/aule-di-formazione-e-training\/\" \/>\n<meta property=\"og:locale\" content=\"it_IT\" \/>\n<meta property=\"og:type\" content=\"article\" \/>\n<meta property=\"og:title\" content=\"Aule di Formazione e Training - L&#039;apprendimento 2.0: Il futuro fa scuola\" \/>\n<meta property=\"og:description\" content=\"Nell&#039;era dell&#039;e-learning e dell&#039;apprendimento 2.0, diventa sempre pi\u00f9 forte l&#039;esigenza di ambienti di formazione interattivi dotati del supporto di mezzi AV multimediali.\" \/>\n<meta property=\"og:url\" content=\"https:\/\/lindy.com\/it\/aule-di-formazione-e-training\/\" \/>\n<meta property=\"og:site_name\" content=\"Lindy - Italian\" \/>\n<meta property=\"article:modified_time\" content=\"2020-02-18T08:54:50+00:00\" \/>\n<meta property=\"og:image\" content=\"https:\/\/lindy.com\/de\/wp-content\/uploads\/sites\/3\/2020\/01\/38288_-Animation.gif\" \/>\n<meta name=\"twitter:card\" content=\"summary_large_image\" \/>\n<meta name=\"twitter:label1\" content=\"Tempo di lettura stimato\" \/>\n\t<meta name=\"twitter:data1\" content=\"4 minuti\" \/>\n<script type=\"application\/ld+json\" class=\"yoast-schema-graph\">{\"@context\":\"https:\/\/schema.org\",\"@graph\":[{\"@type\":\"WebPage\",\"@id\":\"https:\/\/lindy.com\/it\/aule-di-formazione-e-training\/\",\"url\":\"https:\/\/lindy.com\/it\/aule-di-formazione-e-training\/\",\"name\":\"Aule di Formazione e Training - L'apprendimento 2.0: Il futuro fa scuola\",\"isPartOf\":{\"@id\":\"https:\/\/lindy.com\/it\/#website\"},\"primaryImageOfPage\":{\"@id\":\"https:\/\/lindy.com\/it\/aule-di-formazione-e-training\/#primaryimage\"},\"image\":{\"@id\":\"https:\/\/lindy.com\/it\/aule-di-formazione-e-training\/#primaryimage\"},\"thumbnailUrl\":\"https:\/\/lindy.com\/de\/wp-content\/uploads\/sites\/3\/2020\/01\/38288_-Animation.gif\",\"datePublished\":\"2020-01-16T13:27:36+00:00\",\"dateModified\":\"2020-02-18T08:54:50+00:00\",\"description\":\"Nell'era dell'e-learning e dell'apprendimento 2.0, diventa sempre pi\u00f9 forte l'esigenza di ambienti di formazione interattivi dotati del supporto di mezzi AV multimediali.\",\"breadcrumb\":{\"@id\":\"https:\/\/lindy.com\/it\/aule-di-formazione-e-training\/#breadcrumb\"},\"inLanguage\":\"it-IT\",\"potentialAction\":[{\"@type\":\"ReadAction\",\"target\":[\"https:\/\/lindy.com\/it\/aule-di-formazione-e-training\/\"]}]},{\"@type\":\"ImageObject\",\"inLanguage\":\"it-IT\",\"@id\":\"https:\/\/lindy.com\/it\/aule-di-formazione-e-training\/#primaryimage\",\"url\":\"https:\/\/lindy.com\/de\/wp-content\/uploads\/sites\/3\/2020\/01\/38288_-Animation.gif\",\"contentUrl\":\"https:\/\/lindy.com\/de\/wp-content\/uploads\/sites\/3\/2020\/01\/38288_-Animation.gif\"},{\"@type\":\"BreadcrumbList\",\"@id\":\"https:\/\/lindy.com\/it\/aule-di-formazione-e-training\/#breadcrumb\",\"itemListElement\":[{\"@type\":\"ListItem\",\"position\":1,\"name\":\"Home\",\"item\":\"https:\/\/lindy.com\/it\/\"},{\"@type\":\"ListItem\",\"position\":2,\"name\":\"Aule di Formazione e Training\"}]},{\"@type\":\"WebSite\",\"@id\":\"https:\/\/lindy.com\/it\/#website\",\"url\":\"https:\/\/lindy.com\/it\/\",\"name\":\"Lindy - Italian\",\"description\":\"Connection Perfection\",\"potentialAction\":[{\"@type\":\"SearchAction\",\"target\":{\"@type\":\"EntryPoint\",\"urlTemplate\":\"https:\/\/lindy.com\/it\/?s={search_term_string}\"},\"query-input\":{\"@type\":\"PropertyValueSpecification\",\"valueRequired\":true,\"valueName\":\"search_term_string\"}}],\"inLanguage\":\"it-IT\"}]}<\/script>\n<!-- \/ Yoast SEO plugin. -->","yoast_head_json":{"title":"Aule di Formazione e Training - L'apprendimento 2.0: Il futuro fa scuola","description":"Nell'era dell'e-learning e dell'apprendimento 2.0, diventa sempre pi\u00f9 forte l'esigenza di ambienti di formazione interattivi dotati del supporto di mezzi AV multimediali.","robots":{"index":"index","follow":"follow","max-snippet":"max-snippet:-1","max-image-preview":"max-image-preview:large","max-video-preview":"max-video-preview:-1"},"canonical":"https:\/\/lindy.com\/it\/aule-di-formazione-e-training\/","og_locale":"it_IT","og_type":"article","og_title":"Aule di Formazione e Training - L'apprendimento 2.0: Il futuro fa scuola","og_description":"Nell'era dell'e-learning e dell'apprendimento 2.0, diventa sempre pi\u00f9 forte l'esigenza di ambienti di formazione interattivi dotati del supporto di mezzi AV multimediali.","og_url":"https:\/\/lindy.com\/it\/aule-di-formazione-e-training\/","og_site_name":"Lindy - Italian","article_modified_time":"2020-02-18T08:54:50+00:00","og_image":[{"url":"https:\/\/lindy.com\/de\/wp-content\/uploads\/sites\/3\/2020\/01\/38288_-Animation.gif","type":"","width":"","height":""}],"twitter_card":"summary_large_image","twitter_misc":{"Tempo di lettura stimato":"4 minuti"},"schema":{"@context":"https:\/\/schema.org","@graph":[{"@type":"WebPage","@id":"https:\/\/lindy.com\/it\/aule-di-formazione-e-training\/","url":"https:\/\/lindy.com\/it\/aule-di-formazione-e-training\/","name":"Aule di Formazione e Training - L'apprendimento 2.0: Il futuro fa scuola","isPartOf":{"@id":"https:\/\/lindy.com\/it\/#website"},"primaryImageOfPage":{"@id":"https:\/\/lindy.com\/it\/aule-di-formazione-e-training\/#primaryimage"},"image":{"@id":"https:\/\/lindy.com\/it\/aule-di-formazione-e-training\/#primaryimage"},"thumbnailUrl":"https:\/\/lindy.com\/de\/wp-content\/uploads\/sites\/3\/2020\/01\/38288_-Animation.gif","datePublished":"2020-01-16T13:27:36+00:00","dateModified":"2020-02-18T08:54:50+00:00","description":"Nell'era dell'e-learning e dell'apprendimento 2.0, diventa sempre pi\u00f9 forte l'esigenza di ambienti di formazione interattivi dotati del supporto di mezzi AV multimediali.","breadcrumb":{"@id":"https:\/\/lindy.com\/it\/aule-di-formazione-e-training\/#breadcrumb"},"inLanguage":"it-IT","potentialAction":[{"@type":"ReadAction","target":["https:\/\/lindy.com\/it\/aule-di-formazione-e-training\/"]}]},{"@type":"ImageObject","inLanguage":"it-IT","@id":"https:\/\/lindy.com\/it\/aule-di-formazione-e-training\/#primaryimage","url":"https:\/\/lindy.com\/de\/wp-content\/uploads\/sites\/3\/2020\/01\/38288_-Animation.gif","contentUrl":"https:\/\/lindy.com\/de\/wp-content\/uploads\/sites\/3\/2020\/01\/38288_-Animation.gif"},{"@type":"BreadcrumbList","@id":"https:\/\/lindy.com\/it\/aule-di-formazione-e-training\/#breadcrumb","itemListElement":[{"@type":"ListItem","position":1,"name":"Home","item":"https:\/\/lindy.com\/it\/"},{"@type":"ListItem","position":2,"name":"Aule di Formazione e Training"}]},{"@type":"WebSite","@id":"https:\/\/lindy.com\/it\/#website","url":"https:\/\/lindy.com\/it\/","name":"Lindy - Italian","description":"Connection Perfection","potentialAction":[{"@type":"SearchAction","target":{"@type":"EntryPoint","urlTemplate":"https:\/\/lindy.com\/it\/?s={search_term_string}"},"query-input":{"@type":"PropertyValueSpecification","valueRequired":true,"valueName":"search_term_string"}}],"inLanguage":"it-IT"}]}},"_links":{"self":[{"href":"https:\/\/lindy.com\/it\/wp-json\/wp\/v2\/pages\/802","targetHints":{"allow":["GET"]}}],"collection":[{"href":"https:\/\/lindy.com\/it\/wp-json\/wp\/v2\/pages"}],"about":[{"href":"https:\/\/lindy.com\/it\/wp-json\/wp\/v2\/types\/page"}],"author":[{"embeddable":true,"href":"https:\/\/lindy.com\/it\/wp-json\/wp\/v2\/users\/11"}],"replies":[{"embeddable":true,"href":"https:\/\/lindy.com\/it\/wp-json\/wp\/v2\/comments?post=802"}],"version-history":[{"count":0,"href":"https:\/\/lindy.com\/it\/wp-json\/wp\/v2\/pages\/802\/revisions"}],"wp:attachment":[{"href":"https:\/\/lindy.com\/it\/wp-json\/wp\/v2\/media?parent=802"}],"curies":[{"name":"wp","href":"https:\/\/api.w.org\/{rel}","templated":true}]}}