{"id":94,"date":"2018-11-12T10:46:47","date_gmt":"2018-11-12T10:46:47","guid":{"rendered":"https:\/\/lindy.com\/it\/?page_id=94"},"modified":"2020-01-29T14:16:10","modified_gmt":"2020-01-29T14:16:10","slug":"control-room-2","status":"publish","type":"page","link":"https:\/\/lindy.com\/it\/control-room-2\/","title":{"rendered":"Soluzioni per Control Room"},"content":{"rendered":"\n<section class=\"wp-block-lindy-parallax-hero section parallax-hero theme--light align--center  font--size-large\" style=\"background-image:url(https:\/\/lindy.com\/it\/wp-content\/uploads\/sites\/5\/2018\/12\/Amended_ControlRoom_2.jpg)\"><div class=\"contained contained--full-width\"><div class=\"parallax-hero__content\"><div class=\"parallax-hero__content-wrapper align--center\"><h2 class=\"section__heading\"><span><br\/><br\/>Soluzioni di<br\/>visualizzazione<\/span><\/h2><h2 class=\"section__subheading section__subheading__title\">per sale<br\/>di controllo<\/h2><p class=\"section__paragraph\"><br\/><br\/>\u25bc<\/p><\/div><\/div><\/div><\/section>\n\n\n\n<section class=\"wp-block-lindy-parallax-hero section parallax-hero theme--light align--center  font--size-medium\" style=\"background-image:url(https:\/\/lindy.com\/it\/wp-content\/uploads\/sites\/5\/2018\/12\/Amended_ControlRoom_1.jpg)\"><div class=\"contained contained--full-width\"><div class=\"parallax-hero__content\"><div class=\"parallax-hero__content-wrapper align--center\"><h2 class=\"section__heading\"><span><br\/><br\/><br\/><br\/><br\/><\/span><\/h2><h2 class=\"section__subheading section__subheading__title\"><br\/><br\/><br\/><br\/><\/h2><\/div><\/div><\/div><\/section>\n\n\n\n<section class=\"wp-block-lindy-parallax-hero section parallax-hero theme--light align--center font--camber font--size-medium\" style=\"background-image:url(https:\/\/lindy.com\/it\/wp-content\/uploads\/sites\/5\/2018\/12\/Amended_ControlRoom_2.jpg)\"><div class=\"contained contained--full-width\"><div class=\"parallax-hero__content\"><div class=\"parallax-hero__content-wrapper align--center\"><h2 class=\"section__heading\"><span>Modalit\u00e0 di gestione<br\/>di volumi di dati<\/span><\/h2><h2 class=\"section__subheading section__subheading__title\">dalle dimensioni<br\/>sempre pi\u00f9 grandi.<br\/><\/h2><p class=\"section__paragraph\"><br\/>Aziende private leader sul mercato e organi pubblici come le emittenti radio e TV, i centri di calcolo, le autorit\u00e0 incaricate dei servizi pubblici, della sicurezza e dei trasporti necessitano di soluzioni per il monitoraggio e la gestione delle proprie reti. Le infrastrutture di rete sono attualmente in rapida crescita. Si tratta di una tendenza che continuer\u00e0 a consolidarsi in futuro. Un numero sempre pi\u00f9 elevato di computer dovr\u00e0 essere alloggiato in ambienti sempre pi\u00f9 piccoli ed essere gestito in modo efficiente.<\/p><\/div><\/div><\/div><\/section>\n\n\n\n<section class=\"wp-block-lindy-paragraph-and-images full-width-image--with-text section section--paragraph-image  theme--light font--camber font--size-small\"><div class=\"grid-noBottom-middle-reverse\"><div class=\"col-6_sm-12 full-width-image__content section section--animation-none align--left \"><div class=\"content--animate\"><div class=\"contained\"><h2 class=\"section__heading\"><span>Scalabilit\u00e0<\/span><\/h2><p class=\"section__paragraph\"><br\/>Quantit\u00e0 di dati sempre maggiori, video stream IP multipli nonch\u00e9 una serie infinita di dispositivi sparsi in tutto il mondo richiedono un comando efficiente via mouse, tastiera e su uno o pi\u00f9 schermi. In particolar modo per le infrastrutture di rete \u00e8 doveroso approntare soluzioni di comando adeguate alle esigenze future, di tipo modulare e facilmente ampliabili qualora fosse necessario.<\/p><\/div><\/div><\/div><div class=\"col-6_sm-12 full-width-image--with-text align--left\" style=\"background-image:url(https:\/\/lindy.com\/en\/wp-content\/uploads\/sites\/2\/2018\/09\/ControlRoom_Bannerv2.jpg)\"><img decoding=\"async\" src=\"https:\/\/lindy.com\/en\/wp-content\/uploads\/sites\/2\/2018\/09\/ControlRoom_Bannerv2.jpg\"\/><\/div><\/div><\/section>\n\n\n\n<section class=\"wp-block-lindy-paragraph-and-images full-width-image--with-text section section--paragraph-image  theme--light font--camber font--size-small\"><div class=\"grid-noBottom-middle\"><div class=\"col-6_sm-12 full-width-image__content section section--animation-none align--right \"><div class=\"content--animate\"><div class=\"contained\"><h2 class=\"section__heading\"><span><br\/>Controllo di<\/span><\/h2><h2 class=\"section__subheading section__subheading__title\">prossima generazione<\/h2><p class=\"section__paragraph\"><br\/>Grazie alla sua vasta gamma di prodotti, Lindy \u00e8 in grado di garantire ai propri clienti la connettivit\u00e0 nelle sale di controllo e nelle postazioni di comando. I clienti saranno cos\u00ec in grado di visualizzare ed analizzare velocemente un volume di dati consistente e prendere decisioni in tempo reale.\u00a0 Inoltre, le nostre soluzioni sono perfettamente in linea con i nuovi requisiti di progettazione per le sale di controllo e le postazioni di comando di nuova generazione. Sappiamo trasformare le nostre brillanti idee in soluzioni ancora pi\u00f9 azzeccate e competitive per un mercato che \u00e8 in continua espansione.<\/p><\/div><\/div><\/div><div class=\"col-6_sm-12 full-width-image--with-text align--right\" style=\"background-image:url(https:\/\/lindy.com\/en\/wp-content\/uploads\/sites\/2\/2018\/09\/NextGenControl.jpg)\"><img decoding=\"async\" src=\"https:\/\/lindy.com\/en\/wp-content\/uploads\/sites\/2\/2018\/09\/NextGenControl.jpg\"\/><\/div><\/div><\/section>\n\n\n\n<section class=\"wp-block-lindy-paragraph-and-images full-width-image--with-text section section--paragraph-image  theme--light font--camber font--size-small\"><div class=\"grid-noBottom-middle-reverse\"><div class=\"col-6_sm-12 full-width-image__content section section--animation-none align--left \"><div class=\"content--animate\"><div class=\"contained\"><h2 class=\"section__heading\"><span>COMMUTAZIONE<\/span><\/h2><h2 class=\"section__subheading section__subheading__title\">del segnale<\/h2><p class=\"section__paragraph\"><br\/>La nostra ampia gamma di prodotti per la commutazione AV e KVM consente agli operatori di controllare molteplici risorse distribuite da un\u2019unica console. Tutti i prodotti sono in grado di supportare dati con ampia larghezza di banda e video ad alta risoluzione. Per la distribuzione di postazioni di lavoro e server, sono disponibili funzioni avanzate aggiuntive che consentono di operare con console locali e remote tramite connessioni Cat. X e IP. Gli switch video matrice offrono opzioni avanzate per la commutazione tra diversi dispositivi sorgente e altrettanti schermi.<\/p><\/div><\/div><\/div><div class=\"col-6_sm-12 full-width-image--with-text align--left\" style=\"background-image:url(https:\/\/lindy.com\/en\/wp-content\/uploads\/sites\/2\/2018\/10\/Presentation_1.jpg)\"><img decoding=\"async\" src=\"https:\/\/lindy.com\/en\/wp-content\/uploads\/sites\/2\/2018\/10\/Presentation_1.jpg\"\/><\/div><\/div><\/section>\n\n\n\n<section class=\"wp-block-lindy-paragraph-and-images full-width-image--with-text section section--paragraph-image  theme--light font--camber font--size-small\"><div class=\"grid-noBottom-middle\"><div class=\"col-6_sm-12 full-width-image__content section section--animation-none align--right \"><div class=\"content--animate\"><div class=\"contained\"><h2 class=\"section__heading\"><span>ESTENSIONE<\/span><\/h2><h2 class=\"section__subheading section__subheading__title\">DEL SEGNALE<\/h2><p class=\"section__paragraph\"><br\/>Le soluzioni Lindy di distribuzione del segnale tramite Cat.X, fibra ottica, HDBaseT, IP e Matrici forniscono una performante suite di prodotti che supporta distanze di trasmissione elevate. Gli extender Cat.X forniscono un sistema affidabile, conveniente e di semplice implementazione. Gli extender in fibra ottica estendono i segnali ad alta risoluzione su connessioni punto-punto a distanze considerevoli senza alcuna compressione e con totale immunit\u00e0 alle interferenze elettriche.<br\/><\/p><\/div><\/div><\/div><div class=\"col-6_sm-12 full-width-image--with-text align--right\" style=\"background-image:url(https:\/\/lindy.com\/en\/wp-content\/uploads\/sites\/2\/2018\/08\/HDBASET_Link.jpg)\"><img decoding=\"async\" src=\"https:\/\/lindy.com\/en\/wp-content\/uploads\/sites\/2\/2018\/08\/HDBASET_Link.jpg\"\/><\/div><\/div><\/section>\n\n\n\n<section class=\"wp-block-lindy-paragraph-and-images full-width-image--with-text section section--paragraph-image  theme--light font--camber font--size-small\"><div class=\"grid-noBottom-middle-reverse\"><div class=\"col-6_sm-12 full-width-image__content section section--animation-none align--left \"><div class=\"content--animate\"><div class=\"contained\"><h2 class=\"section__heading\"><span>DISTRIBUZIONE<\/span><\/h2><h2 class=\"section__subheading section__subheading__title\">DEL SEGNALE<\/h2><p class=\"section__paragraph\"><br\/>La gamma Lindy HDBaseT pu\u00f2 utilizzare un unico cavo Cat.X per distribuire una serie di dati e segnali di controllo, tra cui video digitale, audio, 100Base-T Ethernet, alimentazione, RS232 e USB. La gamma IP di Lindy pu\u00f2 utilizzare un&#8217;infrastruttura di rete esistente oppure dedicata per distribuire semplici segnali AV o complesse configurazioni video wall su lunghe distanze utilizzando un gran numero di display.<\/p><\/div><\/div><\/div><div class=\"col-6_sm-12 full-width-image--with-text align--left\" style=\"background-image:url(https:\/\/lindy.com\/en\/wp-content\/uploads\/sites\/2\/2018\/08\/HDBaseT_10.jpg)\"><img decoding=\"async\" src=\"https:\/\/lindy.com\/en\/wp-content\/uploads\/sites\/2\/2018\/08\/HDBaseT_10.jpg\"\/><\/div><\/div><\/section>\n\n\n\n<section class=\"wp-block-lindy-paragraph-and-images full-width-image--with-text section section--paragraph-image  theme--light font--camber font--size-small\"><div class=\"grid-noBottom-middle\"><div class=\"col-6_sm-12 full-width-image__content section section--animation-none align--right \"><div class=\"content--animate\"><div class=\"contained\"><h2 class=\"section__heading\"><span>VISUALIZZAZIONE<\/span><\/h2><h2 class=\"section__subheading section__subheading__title\">&amp; SCHERMO<\/h2><p class=\"section__paragraph\"><br\/>I controller Video Wall di Lindy offrono una marcata flessibilit\u00e0 per la visualizzazione delle sale di controllo. Sono disponibili molteplici soluzioni complementari con un\u2019ampia gamma di schermi irregolari e ultra HD 2\u00d72, 4\u00d74, 8\u00d78. Gli strumenti di gestione e configurazione degli schermi molto performanti supportano realizzazioni multi-schermo, picture in picture, picture and picture e controllo matrice completo. Il supporto di Web GUI, IR, RS232 e Telnet fornisce opzioni di controllo flessibili garantendo una perfetta integrazione con sistemi e software esterni.<\/p><\/div><\/div><\/div><div class=\"col-6_sm-12 full-width-image--with-text align--right\" style=\"background-image:url(https:\/\/lindy.com\/en\/wp-content\/uploads\/sites\/2\/2018\/09\/VideoWallScaler_2.jpg)\"><img decoding=\"async\" src=\"https:\/\/lindy.com\/en\/wp-content\/uploads\/sites\/2\/2018\/09\/VideoWallScaler_2.jpg\"\/><\/div><\/div><\/section>\n\n\n\n<section class=\"wp-block-lindy-paragraph-and-images full-width-image--with-text section section--paragraph-image  theme--light font--camber font--size-small\"><div class=\"grid-noBottom-middle-reverse\"><div class=\"col-6_sm-12 full-width-image__content section section--animation-none align--left \"><div class=\"content--animate\"><div class=\"contained\"><h2 class=\"section__heading\"><span>FUNZIONAMENTO IN REMOTO<\/span><\/h2><h2 class=\"section__subheading section__subheading__title\">E DISTRIBUZIONE<\/h2><p class=\"section__paragraph\"><br\/>Per garantire un pieno controllo remoto, gli extender KVM, gli switch KVM over IP e IPower di Lindy forniscono soluzioni operative desktop, locali e di portata internazionale di sistemi, postazioni di lavoro e server. Il controllo KVM consente l\u2019accesso al sistema operativo, al livello BIOS e di diagnostica, mentre la commutazione di potenza remota conferisce potenza ai diversi dispositivi affinch\u00e9 vengano monitorati e possano essere sottoposti a manutenzione remota e ricerca guasti.<\/p><\/div><\/div><\/div><div class=\"col-6_sm-12 full-width-image--with-text align--left\" style=\"background-image:url(https:\/\/lindy.com\/en\/wp-content\/uploads\/sites\/2\/2018\/09\/iPower_Switch_AP.jpg)\"><img decoding=\"async\" src=\"https:\/\/lindy.com\/en\/wp-content\/uploads\/sites\/2\/2018\/09\/iPower_Switch_AP.jpg\"\/><\/div><\/div><\/section>\n\n\n\n<section class=\"wp-block-lindy-paragraph-and-images full-width-image--with-text section section--paragraph-image  theme--light font--camber font--size-small\"><div class=\"grid-noBottom-middle\"><div class=\"col-6_sm-12 full-width-image__content section section--animation-none align--right \"><div class=\"content--animate\"><div class=\"contained\"><h2 class=\"section__heading\"><span>FUNZIONALIT\u00c0<\/span><\/h2><h2 class=\"section__subheading section__subheading__title\">ED ERGONOMIA<\/h2><p class=\"section__paragraph\"><br\/>Per realizzare installazioni con monitor, tastiera, mouse e superficie di controllo flessibili, Lindy mette a disposizione una gamma completa di supporti modulari da scrivania o a muro che possono essere montati nel modo pi\u00f9 opportuno in base alle esigenze specifiche. Grazie ai sistemi modulari, il cliente o l\u2019integratore di sistema pu\u00f2 implementare soluzioni di montaggio regolabili interamente personalizzate.<\/p><\/div><\/div><\/div><div class=\"col-6_sm-12 full-width-image--with-text align--right\" style=\"background-image:url(https:\/\/lindy.com\/en\/wp-content\/uploads\/sites\/2\/2018\/09\/Bracket_AP.jpg)\"><img decoding=\"async\" src=\"https:\/\/lindy.com\/en\/wp-content\/uploads\/sites\/2\/2018\/09\/Bracket_AP.jpg\"\/><\/div><\/div><\/section>\n\n\n\n<section class=\"wp-block-lindy-heading-text section section--heading-text theme--dark align--center  font--size-medium section--animation-none\"><div class=\"contained\"><h2 class=\"section__heading\"><span><br\/>AMBITO DI APPLICAZIONE<br\/><br\/><\/span><\/h2><\/div><\/section>\n\n\n\n<section class=\"wp-block-lindy-image-text-module section section--full-width-image full-width-image--with-text theme--dark section--animation-none align--left font--camber font--size-small width--half\" style=\"background-image:url(https:\/\/lindy.com\/en\/wp-content\/uploads\/sites\/2\/2018\/09\/Industry_Link1.jpg)\"><img decoding=\"async\" class=\"full-width-image__image\" src=\"https:\/\/lindy.com\/en\/wp-content\/uploads\/sites\/2\/2018\/09\/Industry_Link1.jpg\"\/><div class=\"contained\"><div class=\"full-width-image__content\"><h2 class=\"section__heading\"><span>Applicazioni\u00a0<br\/><\/span><\/h2><h2 class=\"section__subheading section__subheading__title\">industriali e<br\/>di controllo<br\/>processi<br\/><br\/><\/h2><a href=\"https:\/\/lindy.com\/it\/industriali-e-controllo-processi\/\" class=\"button button--white-transparent\" target=\"_self\" rel=\"noopener noreferrer\">SCOPRI DI PIU&#8217;<\/a><\/div><\/div><\/section>\n\n\n\n<section class=\"wp-block-lindy-image-text-module section section--full-width-image full-width-image--with-text theme--dark section--animation-none align--left font--camber font--size-small width--half\" style=\"background-image:url(https:\/\/lindy.com\/en\/wp-content\/uploads\/sites\/2\/2018\/09\/DataCentre_Link1.jpg)\"><img decoding=\"async\" class=\"full-width-image__image\" src=\"https:\/\/lindy.com\/en\/wp-content\/uploads\/sites\/2\/2018\/09\/DataCentre_Link1.jpg\"\/><div class=\"contained\"><div class=\"full-width-image__content\"><h2 class=\"section__heading\"><span>Applicazioni<br\/><\/span><\/h2><h2 class=\"section__subheading section__subheading__title\">personal<br\/>computing<br\/>&amp; datacenter<br\/><br\/><\/h2><a href=\"https:\/\/lindy.com\/it\/datacenter\/\" class=\"button button--white-transparent\" target=\"_self\" rel=\"noopener noreferrer\">SCOPRI DI PIU&#8217;<\/a><\/div><\/div><\/section>\n\n\n\n<section class=\"wp-block-lindy-image-text-module section section--full-width-image full-width-image--with-text theme--dark section--animation-none align--center font--camber font--size-small\" style=\"background-image:url(https:\/\/lindy.com\/it\/wp-content\/uploads\/sites\/5\/2020\/01\/control-room_FW.jpg)\"><img decoding=\"async\" class=\"full-width-image__image\" src=\"https:\/\/lindy.com\/it\/wp-content\/uploads\/sites\/5\/2020\/01\/control-room_FW.jpg\"\/><div class=\"contained\"><div class=\"full-width-image__content\"><h2 class=\"section__heading\"><span>APPLICAZIONI\u00a0<\/span><\/h2><h2 class=\"section__subheading section__subheading__title\">STAZIONI DI CONTROLLO <br\/>INDUSTRIALI E MONITORAGGIO<br\/><br\/><\/h2><a href=\"https:\/\/lindy.com\/it\/stazioni-di-controllo-industriali-e-monitoraggio\/\" class=\"button button--white-transparent\" target=\"_self\" rel=\"noopener noreferrer\">SCOPRI DI PIU&#8217;<\/a><\/div><\/div><\/section>\n","protected":false},"excerpt":{"rendered":"","protected":false},"author":12,"featured_media":0,"parent":0,"menu_order":0,"comment_status":"closed","ping_status":"closed","template":"page-templates\/template-landing.php","meta":{"_acf_changed":false,"footnotes":""},"class_list":["post-94","page","type-page","status-publish","hentry"],"acf":[],"yoast_head":"<!-- This site is optimized with the Yoast SEO plugin v26.6 - https:\/\/yoast.com\/wordpress\/plugins\/seo\/ -->\n<title>Soluzioni per Control Room - Lindy - Italian<\/title>\n<meta name=\"robots\" content=\"index, follow, max-snippet:-1, max-image-preview:large, max-video-preview:-1\" \/>\n<link rel=\"canonical\" href=\"https:\/\/lindy.com\/it\/control-room-2\/\" \/>\n<meta property=\"og:locale\" content=\"it_IT\" \/>\n<meta property=\"og:type\" content=\"article\" \/>\n<meta property=\"og:title\" content=\"Soluzioni per Control Room - Lindy - Italian\" \/>\n<meta property=\"og:url\" content=\"https:\/\/lindy.com\/it\/control-room-2\/\" \/>\n<meta property=\"og:site_name\" content=\"Lindy - Italian\" \/>\n<meta property=\"article:modified_time\" content=\"2020-01-29T14:16:10+00:00\" \/>\n<meta property=\"og:image\" content=\"https:\/\/lindy.com\/en\/wp-content\/uploads\/sites\/2\/2018\/09\/ControlRoom_Bannerv2.jpg\" \/>\n<meta name=\"twitter:card\" content=\"summary_large_image\" \/>\n<meta name=\"twitter:label1\" content=\"Tempo di lettura stimato\" \/>\n\t<meta name=\"twitter:data1\" content=\"4 minuti\" \/>\n<script type=\"application\/ld+json\" class=\"yoast-schema-graph\">{\"@context\":\"https:\/\/schema.org\",\"@graph\":[{\"@type\":\"WebPage\",\"@id\":\"https:\/\/lindy.com\/it\/control-room-2\/\",\"url\":\"https:\/\/lindy.com\/it\/control-room-2\/\",\"name\":\"Soluzioni per Control Room - Lindy - Italian\",\"isPartOf\":{\"@id\":\"https:\/\/lindy.com\/it\/#website\"},\"primaryImageOfPage\":{\"@id\":\"https:\/\/lindy.com\/it\/control-room-2\/#primaryimage\"},\"image\":{\"@id\":\"https:\/\/lindy.com\/it\/control-room-2\/#primaryimage\"},\"thumbnailUrl\":\"https:\/\/lindy.com\/en\/wp-content\/uploads\/sites\/2\/2018\/09\/ControlRoom_Bannerv2.jpg\",\"datePublished\":\"2018-11-12T10:46:47+00:00\",\"dateModified\":\"2020-01-29T14:16:10+00:00\",\"breadcrumb\":{\"@id\":\"https:\/\/lindy.com\/it\/control-room-2\/#breadcrumb\"},\"inLanguage\":\"it-IT\",\"potentialAction\":[{\"@type\":\"ReadAction\",\"target\":[\"https:\/\/lindy.com\/it\/control-room-2\/\"]}]},{\"@type\":\"ImageObject\",\"inLanguage\":\"it-IT\",\"@id\":\"https:\/\/lindy.com\/it\/control-room-2\/#primaryimage\",\"url\":\"https:\/\/lindy.com\/en\/wp-content\/uploads\/sites\/2\/2018\/09\/ControlRoom_Bannerv2.jpg\",\"contentUrl\":\"https:\/\/lindy.com\/en\/wp-content\/uploads\/sites\/2\/2018\/09\/ControlRoom_Bannerv2.jpg\"},{\"@type\":\"BreadcrumbList\",\"@id\":\"https:\/\/lindy.com\/it\/control-room-2\/#breadcrumb\",\"itemListElement\":[{\"@type\":\"ListItem\",\"position\":1,\"name\":\"Home\",\"item\":\"https:\/\/lindy.com\/it\/\"},{\"@type\":\"ListItem\",\"position\":2,\"name\":\"Soluzioni per Control Room\"}]},{\"@type\":\"WebSite\",\"@id\":\"https:\/\/lindy.com\/it\/#website\",\"url\":\"https:\/\/lindy.com\/it\/\",\"name\":\"Lindy - Italian\",\"description\":\"Connection Perfection\",\"potentialAction\":[{\"@type\":\"SearchAction\",\"target\":{\"@type\":\"EntryPoint\",\"urlTemplate\":\"https:\/\/lindy.com\/it\/?s={search_term_string}\"},\"query-input\":{\"@type\":\"PropertyValueSpecification\",\"valueRequired\":true,\"valueName\":\"search_term_string\"}}],\"inLanguage\":\"it-IT\"}]}<\/script>\n<!-- \/ Yoast SEO plugin. -->","yoast_head_json":{"title":"Soluzioni per Control Room - Lindy - Italian","robots":{"index":"index","follow":"follow","max-snippet":"max-snippet:-1","max-image-preview":"max-image-preview:large","max-video-preview":"max-video-preview:-1"},"canonical":"https:\/\/lindy.com\/it\/control-room-2\/","og_locale":"it_IT","og_type":"article","og_title":"Soluzioni per Control Room - Lindy - Italian","og_url":"https:\/\/lindy.com\/it\/control-room-2\/","og_site_name":"Lindy - Italian","article_modified_time":"2020-01-29T14:16:10+00:00","og_image":[{"url":"https:\/\/lindy.com\/en\/wp-content\/uploads\/sites\/2\/2018\/09\/ControlRoom_Bannerv2.jpg","type":"","width":"","height":""}],"twitter_card":"summary_large_image","twitter_misc":{"Tempo di lettura stimato":"4 minuti"},"schema":{"@context":"https:\/\/schema.org","@graph":[{"@type":"WebPage","@id":"https:\/\/lindy.com\/it\/control-room-2\/","url":"https:\/\/lindy.com\/it\/control-room-2\/","name":"Soluzioni per Control Room - Lindy - Italian","isPartOf":{"@id":"https:\/\/lindy.com\/it\/#website"},"primaryImageOfPage":{"@id":"https:\/\/lindy.com\/it\/control-room-2\/#primaryimage"},"image":{"@id":"https:\/\/lindy.com\/it\/control-room-2\/#primaryimage"},"thumbnailUrl":"https:\/\/lindy.com\/en\/wp-content\/uploads\/sites\/2\/2018\/09\/ControlRoom_Bannerv2.jpg","datePublished":"2018-11-12T10:46:47+00:00","dateModified":"2020-01-29T14:16:10+00:00","breadcrumb":{"@id":"https:\/\/lindy.com\/it\/control-room-2\/#breadcrumb"},"inLanguage":"it-IT","potentialAction":[{"@type":"ReadAction","target":["https:\/\/lindy.com\/it\/control-room-2\/"]}]},{"@type":"ImageObject","inLanguage":"it-IT","@id":"https:\/\/lindy.com\/it\/control-room-2\/#primaryimage","url":"https:\/\/lindy.com\/en\/wp-content\/uploads\/sites\/2\/2018\/09\/ControlRoom_Bannerv2.jpg","contentUrl":"https:\/\/lindy.com\/en\/wp-content\/uploads\/sites\/2\/2018\/09\/ControlRoom_Bannerv2.jpg"},{"@type":"BreadcrumbList","@id":"https:\/\/lindy.com\/it\/control-room-2\/#breadcrumb","itemListElement":[{"@type":"ListItem","position":1,"name":"Home","item":"https:\/\/lindy.com\/it\/"},{"@type":"ListItem","position":2,"name":"Soluzioni per Control Room"}]},{"@type":"WebSite","@id":"https:\/\/lindy.com\/it\/#website","url":"https:\/\/lindy.com\/it\/","name":"Lindy - Italian","description":"Connection Perfection","potentialAction":[{"@type":"SearchAction","target":{"@type":"EntryPoint","urlTemplate":"https:\/\/lindy.com\/it\/?s={search_term_string}"},"query-input":{"@type":"PropertyValueSpecification","valueRequired":true,"valueName":"search_term_string"}}],"inLanguage":"it-IT"}]}},"_links":{"self":[{"href":"https:\/\/lindy.com\/it\/wp-json\/wp\/v2\/pages\/94","targetHints":{"allow":["GET"]}}],"collection":[{"href":"https:\/\/lindy.com\/it\/wp-json\/wp\/v2\/pages"}],"about":[{"href":"https:\/\/lindy.com\/it\/wp-json\/wp\/v2\/types\/page"}],"author":[{"embeddable":true,"href":"https:\/\/lindy.com\/it\/wp-json\/wp\/v2\/users\/12"}],"replies":[{"embeddable":true,"href":"https:\/\/lindy.com\/it\/wp-json\/wp\/v2\/comments?post=94"}],"version-history":[{"count":0,"href":"https:\/\/lindy.com\/it\/wp-json\/wp\/v2\/pages\/94\/revisions"}],"wp:attachment":[{"href":"https:\/\/lindy.com\/it\/wp-json\/wp\/v2\/media?parent=94"}],"curies":[{"name":"wp","href":"https:\/\/api.w.org\/{rel}","templated":true}]}}